{"id":16631,"date":"2021-02-19T23:47:27","date_gmt":"2021-02-19T23:47:27","guid":{"rendered":"http:\/\/fuckmyhotmilf.com\/?page_id=16631"},"modified":"2021-02-19T23:51:49","modified_gmt":"2021-02-19T23:51:49","slug":"dmca-copyright","status":"publish","type":"page","link":"https:\/\/fuckmyhotmilf.com\/it\/dmca-copyright\/","title":{"rendered":"DMCA\/Copyright"},"content":{"rendered":"<p><\/p>\n\n\n\n<p>Copyright disclaimer: Tutti i nostri video su questo sito sono incorporati da altri siti web come Pornhub, Xnxx, xVideos, xHamster, Redtube, YouPorn, Redtube ecc. li caricano o li producono.<\/p>\n\n\n\n<p>Fuckmyhotmilf.com prende molto sul serio le questioni relative alla Propriet\u00e0 Intellettuale e si impegna a soddisfare le esigenze dei proprietari dei contenuti, aiutandoli a gestire la pubblicazione dei loro contenuti online.<\/p>\n\n\n\n<p>Tutti i video mostrati da siti web di terze parti sono di responsabilit\u00e0 dei suddetti siti e non di Fuckmyhotmilf. Non siamo a conoscenza del fatto che i contenuti mostrati su siti web di terzi siano o meno autorizzati dal proprietario dei contenuti, in quanto si tratta di una questione tra il sito ospitante e il proprietario dei contenuti. Fuckmyhotmilf.com non ospita alcun contenuto sui propri server o sulla propria rete.<\/p>\n\n\n\n<p>I proprietari dei contenuti devono comprendere che la rimozione di un link da Fuckmyhotmilf.com non comporta la rimozione del video sorgente dal sito di terze parti. I proprietari dei contenuti saranno informati della fonte del video incorporato su Fuckmyhotmilf.com e dovranno contattare il sito di hosting del video stesso per richiederne la rimozione.<\/p>\n\n\n\n<p>Questo sito web (Fuckmyhotmilf.com) si qualifica come \"Service Provider\" ai sensi del 17 U.S.C. \u00a7 512(k)(1) del Digital Millennium Copyright Act (\"DMCA\"). Di conseguenza, ha diritto a determinate protezioni da rivendicazioni di violazione del copyright ai sensi del DMCA, comunemente indicate come disposizioni \"safe harbor\". Rispettiamo la propriet\u00e0 intellettuale degli altri e chiediamo ai nostri utenti di fare lo stesso. Di conseguenza, osserviamo e rispettiamo il DMCA e abbiamo adottato la seguente Politica di notifica e rimozione relativa a reclami di violazione del copyright da parte dei nostri clienti, abbonati o utenti.<\/p>\n\n\n\n<p><strong>Procedura di smontaggio<\/strong><\/p>\n\n\n\n<p>Fuckmyhotmilf.com attua la seguente procedura di \"notifica e rimozione\" al ricevimento di qualsiasi notifica di presunta violazione del copyright. Fuckmyhotmilf.com si riserva il diritto, in qualsiasi momento, di disabilitare l'accesso o rimuovere qualsiasi materiale o attivit\u00e0 accessibile su o da Fuckmyhotmilf.com o qualsiasi Materiale ritenuto in violazione o basato su fatti o circostanze da cui risulti un'attivit\u00e0 in violazione. E' politica di Fuckmyhotmilf.com chiudere l'account di chi viola ripetutamente il copyright, quando appropriato, e Fuckmyhotmilf.com agir\u00e0 rapidamente per rimuovere l'accesso a tutto il materiale che viola il copyright altrui, secondo la procedura prevista dal 17 U.S.C. \u00a7512 del Digital Millennium Copyright Act (\"DMCA\"). Le procedure di notifica DMCA del SITO sono indicate nel paragrafo precedente. Se l'avviso non \u00e8 conforme al \u00a7512 del DMCA, ma \u00e8 conforme ai tre requisiti per l'identificazione dei siti che violano il copyright secondo il \u00a7512 del DMCA, Fuckmyhotmilf.com tenter\u00e0 di contattare o di prendere altre misure ragionevoli per contattare la parte che si lamenta per aiutarla a conformarsi ai requisiti dell'avviso. Quando l'agente designato riceve un avviso valido, Fuckmyhotmilf.com rimuover\u00e0 e\/o disabiliter\u00e0 rapidamente l'accesso al materiale in violazione e informer\u00e0 l'utente interessato. In seguito, l'utente interessato pu\u00f2 presentare una contro-notifica all'Agente Designato contenente una dichiarazione resa sotto pena di spergiuro che l'utente ritiene in buona fede che il materiale sia stato rimosso a causa di un'errata identificazione del materiale stesso. Dopo aver ricevuto la contro-notifica, l'Agente Designato sostituir\u00e0 il materiale in questione entro 10-14 giorni dal ricevimento della contro-notifica, a meno che l'Agente Designato non riceva la notifica che la parte che ha sporto denuncia ha avviato un'azione legale per ottenere un'ingiunzione contro l'attivit\u00e0 di violazione. Fuckmyhotmilf.com si riserva il diritto di modificare, alterare o integrare questa politica e tutti gli utenti sono tenuti a consultare regolarmente questi Termini e Condizioni per rimanere aggiornati su tali modifiche.<\/p>\n\n\n\n<p><strong>Clienti o abbonati del fornitore di servizi<\/strong><\/p>\n\n\n\n<p>Nel caso in cui il presunto trasgressore identificato in un avviso DMCA sia esso stesso un \"fornitore di servizi\" ai sensi del 17 U.S.C. \u00a7 512(k)(1), Fuckmyhotmilf.com richiede che tali avvisi DMCA relativi a presunte violazioni da parte di utenti terzi, clienti o abbonati di tali fornitori di servizi siano presentati direttamente all'agente DMCA designato dal fornitore di servizi anzich\u00e9 a Fuckmyhotmilf.com.<br><br>Per qualsiasi domanda o per segnalare un abuso, si prega di&nbsp;<a href=\"mailto:support@fuckmyhotmilf.com?subject=Report\"><strong>contattateci<\/strong><\/a>.<\/p>","protected":false},"excerpt":{"rendered":"<p>Copyright disclaimer: All our videos on this site are embeded from other websites such as Pornhub, Xnxx, xVideos, xHamster, Redtube, YouPorn, Redtube etc. upload or produce them. Fuckmyhotmilf.com takes matters of Intellectual Property very seriously and is committed to meeting the needs of content owners while helping them manage publication of their content online. Any [&hellip;]<\/p>\n","protected":false},"author":1,"featured_media":0,"parent":0,"menu_order":0,"comment_status":"closed","ping_status":"closed","template":"","meta":{"pmpro_default_level":"","_monsterinsights_skip_tracking":false,"_monsterinsights_sitenote_active":false,"_monsterinsights_sitenote_note":"","_monsterinsights_sitenote_category":0,"footnotes":""},"class_list":["post-16631","page","type-page","status-publish","hentry","pmpro-has-access"],"yoast_head":"<!-- This site is optimized with the Yoast SEO plugin v27.5 - https:\/\/yoast.com\/product\/yoast-seo-wordpress\/ -->\n<title>DMCA\/Copyright - FuckMyHotMilf<\/title>\n<meta name=\"robots\" content=\"index, follow, max-snippet:-1, max-image-preview:large, max-video-preview:-1\" \/>\n<link rel=\"canonical\" href=\"https:\/\/fuckmyhotmilf.com\/it\/dmca-copyright\/\" \/>\n<meta property=\"og:locale\" content=\"it_IT\" \/>\n<meta property=\"og:type\" content=\"article\" \/>\n<meta property=\"og:title\" content=\"DMCA\/Copyright - FuckMyHotMilf\" \/>\n<meta property=\"og:description\" content=\"Copyright disclaimer: All our videos on this site are embeded from other websites such as Pornhub, Xnxx, xVideos, xHamster, Redtube, YouPorn, Redtube etc. upload or produce them. Fuckmyhotmilf.com takes matters of Intellectual Property very seriously and is committed to meeting the needs of content owners while helping them manage publication of their content online. Any [&hellip;]\" \/>\n<meta property=\"og:url\" content=\"https:\/\/fuckmyhotmilf.com\/it\/dmca-copyright\/\" \/>\n<meta property=\"og:site_name\" content=\"FuckMyHotMilf\" \/>\n<meta property=\"article:modified_time\" content=\"2021-02-19T23:51:49+00:00\" \/>\n<meta property=\"og:image\" content=\"https:\/\/fuckmyhotmilf.com\/wp-content\/uploads\/2024\/12\/cover-fuckmyhotmilf-1200x675-1.jpg\" \/>\n\t<meta property=\"og:image:width\" content=\"1200\" \/>\n\t<meta property=\"og:image:height\" content=\"675\" \/>\n\t<meta property=\"og:image:type\" content=\"image\/jpeg\" \/>\n<meta name=\"twitter:card\" content=\"summary_large_image\" \/>\n<meta name=\"twitter:label1\" content=\"Tempo di lettura stimato\" \/>\n\t<meta name=\"twitter:data1\" content=\"3 minuti\" \/>\n<script type=\"application\/ld+json\" class=\"yoast-schema-graph\">{\"@context\":\"https:\\\/\\\/schema.org\",\"@graph\":[{\"@type\":\"WebPage\",\"@id\":\"https:\\\/\\\/fuckmyhotmilf.com\\\/dmca-copyright\\\/\",\"url\":\"https:\\\/\\\/fuckmyhotmilf.com\\\/dmca-copyright\\\/\",\"name\":\"DMCA\\\/Copyright - FuckMyHotMilf\",\"isPartOf\":{\"@id\":\"https:\\\/\\\/fuckmyhotmilf.com\\\/#website\"},\"datePublished\":\"2021-02-19T23:47:27+00:00\",\"dateModified\":\"2021-02-19T23:51:49+00:00\",\"breadcrumb\":{\"@id\":\"https:\\\/\\\/fuckmyhotmilf.com\\\/dmca-copyright\\\/#breadcrumb\"},\"inLanguage\":\"it-IT\",\"potentialAction\":[{\"@type\":\"ReadAction\",\"target\":[\"https:\\\/\\\/fuckmyhotmilf.com\\\/dmca-copyright\\\/\"]}]},{\"@type\":\"BreadcrumbList\",\"@id\":\"https:\\\/\\\/fuckmyhotmilf.com\\\/dmca-copyright\\\/#breadcrumb\",\"itemListElement\":[{\"@type\":\"ListItem\",\"position\":1,\"name\":\"Home\",\"item\":\"https:\\\/\\\/fuckmyhotmilf.com\\\/\"},{\"@type\":\"ListItem\",\"position\":2,\"name\":\"DMCA\\\/Copyright\"}]},{\"@type\":\"WebSite\",\"@id\":\"https:\\\/\\\/fuckmyhotmilf.com\\\/#website\",\"url\":\"https:\\\/\\\/fuckmyhotmilf.com\\\/\",\"name\":\"FuckMyHotMilf\",\"description\":\"FuckMyHotMilf.com is the leading platform for Hotwife &amp; Cuckold lovers. Watch thousands of real amateur videos for free: hotwives getting shared, MILFs taking strangers, cuckolds watching, real couples exploring their fantasies\u2026 plus confessions, quizzes, GIFs and an active community. The full Hotwife experience, unfiltered.\",\"publisher\":{\"@id\":\"https:\\\/\\\/fuckmyhotmilf.com\\\/#organization\"},\"potentialAction\":[{\"@type\":\"SearchAction\",\"target\":{\"@type\":\"EntryPoint\",\"urlTemplate\":\"https:\\\/\\\/fuckmyhotmilf.com\\\/?s={search_term_string}\"},\"query-input\":{\"@type\":\"PropertyValueSpecification\",\"valueRequired\":true,\"valueName\":\"search_term_string\"}}],\"inLanguage\":\"it-IT\"},{\"@type\":\"Organization\",\"@id\":\"https:\\\/\\\/fuckmyhotmilf.com\\\/#organization\",\"name\":\"Fuckmyhotmilf\",\"url\":\"https:\\\/\\\/fuckmyhotmilf.com\\\/\",\"logo\":{\"@type\":\"ImageObject\",\"inLanguage\":\"it-IT\",\"@id\":\"https:\\\/\\\/fuckmyhotmilf.com\\\/#\\\/schema\\\/logo\\\/image\\\/\",\"url\":\"https:\\\/\\\/fuckmyhotmilf.com\\\/wp-content\\\/uploads\\\/2024\\\/12\\\/logo-fuckmyhotmilf-696x696-1.jpg\",\"contentUrl\":\"https:\\\/\\\/fuckmyhotmilf.com\\\/wp-content\\\/uploads\\\/2024\\\/12\\\/logo-fuckmyhotmilf-696x696-1.jpg\",\"width\":696,\"height\":696,\"caption\":\"Fuckmyhotmilf\"},\"image\":{\"@id\":\"https:\\\/\\\/fuckmyhotmilf.com\\\/#\\\/schema\\\/logo\\\/image\\\/\"}}]}<\/script>\n<!-- \/ Yoast SEO plugin. -->","yoast_head_json":{"title":"DMCA\/Copyright - FuckMyHotMilf","robots":{"index":"index","follow":"follow","max-snippet":"max-snippet:-1","max-image-preview":"max-image-preview:large","max-video-preview":"max-video-preview:-1"},"canonical":"https:\/\/fuckmyhotmilf.com\/it\/dmca-copyright\/","og_locale":"it_IT","og_type":"article","og_title":"DMCA\/Copyright - FuckMyHotMilf","og_description":"Copyright disclaimer: All our videos on this site are embeded from other websites such as Pornhub, Xnxx, xVideos, xHamster, Redtube, YouPorn, Redtube etc. upload or produce them. Fuckmyhotmilf.com takes matters of Intellectual Property very seriously and is committed to meeting the needs of content owners while helping them manage publication of their content online. Any [&hellip;]","og_url":"https:\/\/fuckmyhotmilf.com\/it\/dmca-copyright\/","og_site_name":"FuckMyHotMilf","article_modified_time":"2021-02-19T23:51:49+00:00","og_image":[{"width":1200,"height":675,"url":"https:\/\/fuckmyhotmilf.com\/wp-content\/uploads\/2024\/12\/cover-fuckmyhotmilf-1200x675-1.jpg","type":"image\/jpeg"}],"twitter_card":"summary_large_image","twitter_misc":{"Tempo di lettura stimato":"3 minuti"},"schema":{"@context":"https:\/\/schema.org","@graph":[{"@type":"WebPage","@id":"https:\/\/fuckmyhotmilf.com\/dmca-copyright\/","url":"https:\/\/fuckmyhotmilf.com\/dmca-copyright\/","name":"DMCA\/Copyright - FuckMyHotMilf","isPartOf":{"@id":"https:\/\/fuckmyhotmilf.com\/#website"},"datePublished":"2021-02-19T23:47:27+00:00","dateModified":"2021-02-19T23:51:49+00:00","breadcrumb":{"@id":"https:\/\/fuckmyhotmilf.com\/dmca-copyright\/#breadcrumb"},"inLanguage":"it-IT","potentialAction":[{"@type":"ReadAction","target":["https:\/\/fuckmyhotmilf.com\/dmca-copyright\/"]}]},{"@type":"BreadcrumbList","@id":"https:\/\/fuckmyhotmilf.com\/dmca-copyright\/#breadcrumb","itemListElement":[{"@type":"ListItem","position":1,"name":"Home","item":"https:\/\/fuckmyhotmilf.com\/"},{"@type":"ListItem","position":2,"name":"DMCA\/Copyright"}]},{"@type":"WebSite","@id":"https:\/\/fuckmyhotmilf.com\/#website","url":"https:\/\/fuckmyhotmilf.com\/","name":"FuckMyHotMilf","description":"FuckMyHotMilf.com is the leading platform for Hotwife &amp; Cuckold lovers. Watch thousands of real amateur videos for free: hotwives getting shared, MILFs taking strangers, cuckolds watching, real couples exploring their fantasies\u2026 plus confessions, quizzes, GIFs and an active community. The full Hotwife experience, unfiltered.","publisher":{"@id":"https:\/\/fuckmyhotmilf.com\/#organization"},"potentialAction":[{"@type":"SearchAction","target":{"@type":"EntryPoint","urlTemplate":"https:\/\/fuckmyhotmilf.com\/?s={search_term_string}"},"query-input":{"@type":"PropertyValueSpecification","valueRequired":true,"valueName":"search_term_string"}}],"inLanguage":"it-IT"},{"@type":"Organization","@id":"https:\/\/fuckmyhotmilf.com\/#organization","name":"Fuckmyhotmilf","url":"https:\/\/fuckmyhotmilf.com\/","logo":{"@type":"ImageObject","inLanguage":"it-IT","@id":"https:\/\/fuckmyhotmilf.com\/#\/schema\/logo\/image\/","url":"https:\/\/fuckmyhotmilf.com\/wp-content\/uploads\/2024\/12\/logo-fuckmyhotmilf-696x696-1.jpg","contentUrl":"https:\/\/fuckmyhotmilf.com\/wp-content\/uploads\/2024\/12\/logo-fuckmyhotmilf-696x696-1.jpg","width":696,"height":696,"caption":"Fuckmyhotmilf"},"image":{"@id":"https:\/\/fuckmyhotmilf.com\/#\/schema\/logo\/image\/"}}]}},"cmb2":{"page_slider_settings":{"display_slider_group":"no","page_slider_group":[{"layout":"slider-1","post_type":"post","order_by":"date","order":"DESC","display_categories":"yes","display_author":"yes","display_date":"yes","display_comment_count":"yes","display_view_count":"yes","display_like_count":"yes","display_dislike_count":"yes","fade":"no"}]},"blog_page_settings":{"blog_page_title":"","blog_page_heading":"off","blog_page_advance_search":"off","blog_page_ic":"","blog_page_it":"","blog_page_ec":"","blog_page_ip":"","blog_page_advance_search_id":"","archive_loop_style":"list-blog","blog_image_ratio":"","blog_show_categories":"on","blog_show_excerpt":"on","blog_show_author":"on","blog_show_date":"on","blog_show_comment_count":"on","blog_show_view_count":"on","blog_show_like_count":"on","blog_show_dislike_count":"on","blog_items_per_page":"10","blog_pag_type":"wp-default"},"page_options":{"get_page_template":"","color_mode":"","main_layout":"","main_layout_full_with":"","main_logo":"","main_logo_id":"","main_logo_retina":"","main_logo_retina_id":"","main_logo_mobile":"","main_logo_mobile_id":"","main_logo_mobile_retina":"","main_logo_mobile_retina_id":"","sticky_logo":"","sticky_logo_id":"","sticky_logo_retina":"","sticky_logo_retina_id":"","main_nav_layout":"","ajax_search":"","header_background":"","theme_sidebar":"","instagram_feed":"","instagram_feed_position":"","popular_videos":"","popular_videos_title_1":"","popular_videos_title_2":"","popular_videos_ic":"","popular_videos_it":"","theme_background":"","page_custom_css":""}},"_links":{"self":[{"href":"https:\/\/fuckmyhotmilf.com\/it\/wp-json\/wp\/v2\/pages\/16631","targetHints":{"allow":["GET"]}}],"collection":[{"href":"https:\/\/fuckmyhotmilf.com\/it\/wp-json\/wp\/v2\/pages"}],"about":[{"href":"https:\/\/fuckmyhotmilf.com\/it\/wp-json\/wp\/v2\/types\/page"}],"author":[{"embeddable":true,"href":"https:\/\/fuckmyhotmilf.com\/it\/wp-json\/wp\/v2\/users\/1"}],"replies":[{"embeddable":true,"href":"https:\/\/fuckmyhotmilf.com\/it\/wp-json\/wp\/v2\/comments?post=16631"}],"version-history":[{"count":3,"href":"https:\/\/fuckmyhotmilf.com\/it\/wp-json\/wp\/v2\/pages\/16631\/revisions"}],"predecessor-version":[{"id":16636,"href":"https:\/\/fuckmyhotmilf.com\/it\/wp-json\/wp\/v2\/pages\/16631\/revisions\/16636"}],"wp:attachment":[{"href":"https:\/\/fuckmyhotmilf.com\/it\/wp-json\/wp\/v2\/media?parent=16631"}],"curies":[{"name":"wp","href":"https:\/\/api.w.org\/{rel}","templated":true}]}}