{"id":18637,"date":"2022-07-18T01:28:36","date_gmt":"2022-07-18T01:28:36","guid":{"rendered":"https:\/\/fuckmyhotmilf.com\/?page_id=18637"},"modified":"2025-07-03T12:19:54","modified_gmt":"2025-07-03T12:19:54","slug":"rate-my-cock","status":"publish","type":"page","link":"https:\/\/fuckmyhotmilf.com\/fr\/rate-my-cock\/","title":{"rendered":"Rate my cock"},"content":{"rendered":"<div data-elementor-type=\"wp-page\" data-elementor-id=\"18637\" class=\"elementor elementor-18637\" data-elementor-post-type=\"page\">\n\t\t\t\t\t\t<section class=\"elementor-section elementor-top-section elementor-element elementor-element-f0bcc16 elementor-section-full_width elementor-section-height-default elementor-section-height-default\" data-id=\"f0bcc16\" data-element_type=\"section\" data-e-type=\"section\">\n\t\t\t\t\t\t<div class=\"elementor-container elementor-column-gap-default\">\n\t\t\t\t\t<div class=\"elementor-column elementor-col-100 elementor-top-column elementor-element elementor-element-d8d649d\" data-id=\"d8d649d\" data-element_type=\"column\" data-e-type=\"column\">\n\t\t\t<div class=\"elementor-widget-wrap elementor-element-populated\">\n\t\t\t\t\t\t<div class=\"elementor-element elementor-element-82bf9f5 elementor-widget elementor-widget-heading\" data-id=\"82bf9f5\" data-element_type=\"widget\" data-e-type=\"widget\" data-widget_type=\"heading.default\">\n\t\t\t\t<div class=\"elementor-widget-container\">\n\t\t\t\t\t<h2 class=\"elementor-heading-title elementor-size-default\">Upload a picture of your cock and show us what you get.<\/h2>\t\t\t\t<\/div>\n\t\t\t\t<\/div>\n\t\t\t\t\t<\/div>\n\t\t<\/div>\n\t\t\t\t\t<\/div>\n\t\t<\/section>\n\t\t\t\t<section class=\"elementor-section elementor-top-section elementor-element elementor-element-511fbad elementor-section-full_width elementor-section-height-default elementor-section-height-default\" data-id=\"511fbad\" data-element_type=\"section\" data-e-type=\"section\">\n\t\t\t\t\t\t<div class=\"elementor-container elementor-column-gap-default\">\n\t\t\t\t\t<div class=\"elementor-column elementor-col-100 elementor-top-column elementor-element elementor-element-ced4932\" data-id=\"ced4932\" data-element_type=\"column\" data-e-type=\"column\">\n\t\t\t<div class=\"elementor-widget-wrap elementor-element-populated\">\n\t\t\t\t\t\t<div class=\"elementor-element elementor-element-418e1b9 elementor-widget elementor-widget-text-editor\" data-id=\"418e1b9\" data-element_type=\"widget\" data-e-type=\"widget\" data-widget_type=\"text-editor.default\">\n\t\t\t\t<div class=\"elementor-widget-container\">\n\t\t\t\t\t\t\t\t\t<p><\/p><p>Are you a bull or a cuckold? Do you have it too <strong>petit<\/strong> or too <strong>grand<\/strong>? Take your <strong>cock rated<\/strong> by our community. \u00a0Remember to <a class=\"simple-link-orange\" href=\"http:\/\/fuckmyhotmilf.com\/fr\/login\/\">se connecter d'abord<\/a> into your free account before posting if you want your profile name to be displayed. If you care about what they can say about your dick don&#8217;t worry, you can post <strong>anonymously<\/strong> \ud83d\ude09 Picdick Time!<\/p>\t\t\t\t\t\t\t\t<\/div>\n\t\t\t\t<\/div>\n\t\t\t\t<div class=\"elementor-element elementor-element-03e4081 elementor-widget elementor-widget-text-editor\" data-id=\"03e4081\" data-element_type=\"widget\" data-e-type=\"widget\" data-widget_type=\"text-editor.default\">\n\t\t\t\t<div class=\"elementor-widget-container\">\n\t\t\t\t\t\t\t\t\t\n<h3 style=\"margin-top: 12px;\"><span style=\"text-decoration: underline;\">En cliquant sur le bouton Soumettre, vous CERTIFIEZ :<\/span><\/h3>\n<ul style=\"color: #fff;\">\n<li>1) La personne figurant sur la photo\/vid\u00e9o doit \u00eatre \u00e2g\u00e9e d'au moins dix-huit (18) ans.<\/li>\n<li>2) La photo\/vid\u00e9o ne contient pas de mat\u00e9riel prot\u00e9g\u00e9 par des droits d'auteur que vous n'avez pas le droit de distribuer.<\/li>\n<li>3) Vous assumez l'enti\u00e8re responsabilit\u00e9 des photos\/vid\u00e9os que vous publiez.<\/li>\n<li>4) Que vous avez le consentement de tous les mod\u00e8les repr\u00e9sent\u00e9s pour soumettre ce contenu sur fuckmyhotmilf.com.<\/li>\n<li>5) que les photos\/vid\u00e9os ont \u00e9t\u00e9 prises par vous ou vous ont \u00e9t\u00e9 donn\u00e9es et qu'elles n'ont pas \u00e9t\u00e9 vol\u00e9es ailleurs.<\/li>\n<\/ul>\n\t\t\t\t\t\t\t\t<\/div>\n\t\t\t\t<\/div>\n\t\t\t\t<div class=\"elementor-element elementor-element-9d246db elementor-widget elementor-widget-text-editor\" data-id=\"9d246db\" data-element_type=\"widget\" data-e-type=\"widget\" data-widget_type=\"text-editor.default\">\n\t\t\t\t<div class=\"elementor-widget-container\">\n\t\t\t\t\t\t\t\t\t<p><\/p>\n<h2 style=\"font-size: 18px; margin-top: 12px;\">T\u00e9l\u00e9chargement d'informations :<\/h2>\n<ul>\n<li>Types de fichiers accept\u00e9s : *.jpg, *.gif, *.mp4<\/li>\n<li>Taille limite des fichiers JPG : 5 MB - Taille limite du fichier GIF : 10 MO<\/li>\n<li>T\u00e9l\u00e9charger max : 3 images pour chaque message<\/li>\n<\/ul>\n<p><\/p>\t\t\t\t\t\t\t\t<\/div>\n\t\t\t\t<\/div>\n\t\t\t\t<div class=\"elementor-element elementor-element-f034a4d elementor-widget-divider--view-line elementor-widget elementor-widget-divider\" data-id=\"f034a4d\" data-element_type=\"widget\" data-e-type=\"widget\" data-widget_type=\"divider.default\">\n\t\t\t\t<div class=\"elementor-widget-container\">\n\t\t\t\t\t\t\t<div class=\"elementor-divider\">\n\t\t\t<span class=\"elementor-divider-separator\">\n\t\t\t\t\t\t<\/span>\n\t\t<\/div>\n\t\t\t\t\t\t<\/div>\n\t\t\t\t<\/div>\n\t\t\t\t<div class=\"elementor-element elementor-element-2d63b17 elementor-widget elementor-widget-shortcode\" data-id=\"2d63b17\" data-element_type=\"widget\" data-e-type=\"widget\" data-widget_type=\"shortcode.default\">\n\t\t\t\t<div class=\"elementor-widget-container\">\n\t\t\t\t\t\t\t<div class=\"elementor-shortcode\">Vous devez \u00eatre connect\u00e9 pour poster.<\/div>\n\t\t\t\t\t\t<\/div>\n\t\t\t\t<\/div>\n\t\t\t\t\t<\/div>\n\t\t<\/div>\n\t\t\t\t\t<\/div>\n\t\t<\/section>\n\t\t\t\t<\/div>","protected":false},"excerpt":{"rendered":"<p>Upload a picture of your cock and show us what you get. Are you a bull or a cuckold? Do you have it too small or too big? Take your cock rated by our community. \u00a0Remember to login first into your free account before posting if you want your profile name to be displayed. If [&hellip;]<\/p>\n","protected":false},"author":1,"featured_media":18638,"parent":0,"menu_order":0,"comment_status":"closed","ping_status":"closed","template":"","meta":{"pmpro_default_level":"","_monsterinsights_skip_tracking":false,"_monsterinsights_sitenote_active":false,"_monsterinsights_sitenote_note":"","_monsterinsights_sitenote_category":0,"footnotes":""},"class_list":["post-18637","page","type-page","status-publish","has-post-thumbnail","hentry","pmpro-has-access"],"yoast_head":"<!-- This site is optimized with the Yoast SEO plugin v27.4 - https:\/\/yoast.com\/product\/yoast-seo-wordpress\/ -->\n<title>Rate my cock - FuckMyHotMilf<\/title>\n<meta name=\"description\" content=\"Upload a pic of your Cock and let people tells what they think about it. You can create a free account or post it anonymously :) You chose!\" \/>\n<meta name=\"robots\" content=\"index, follow, max-snippet:-1, max-image-preview:large, max-video-preview:-1\" \/>\n<link rel=\"canonical\" href=\"https:\/\/fuckmyhotmilf.com\/fr\/rate-my-cock\/\" \/>\n<meta property=\"og:locale\" content=\"fr_FR\" \/>\n<meta property=\"og:type\" content=\"article\" \/>\n<meta property=\"og:title\" content=\"Rate my cock - FuckMyHotMilf\" \/>\n<meta property=\"og:description\" content=\"Upload a pic of your Cock and let people tells what they think about it. You can create a free account or post it anonymously :) You chose!\" \/>\n<meta property=\"og:url\" content=\"https:\/\/fuckmyhotmilf.com\/fr\/rate-my-cock\/\" \/>\n<meta property=\"og:site_name\" content=\"FuckMyHotMilf\" \/>\n<meta property=\"article:modified_time\" content=\"2025-07-03T12:19:54+00:00\" \/>\n<meta property=\"og:image\" content=\"http:\/\/fuckmyhotmilf.com\/wp-content\/uploads\/2022\/07\/cat-rate-my-cock.jpg\" \/>\n\t<meta property=\"og:image:width\" content=\"960\" \/>\n\t<meta property=\"og:image:height\" content=\"540\" \/>\n\t<meta property=\"og:image:type\" content=\"image\/jpeg\" \/>\n<meta name=\"twitter:card\" content=\"summary_large_image\" \/>\n<meta name=\"twitter:label1\" content=\"Dur\u00e9e de lecture estim\u00e9e\" \/>\n\t<meta name=\"twitter:data1\" content=\"1 minute\" \/>\n<script type=\"application\/ld+json\" class=\"yoast-schema-graph\">{\"@context\":\"https:\\\/\\\/schema.org\",\"@graph\":[{\"@type\":\"WebPage\",\"@id\":\"https:\\\/\\\/fuckmyhotmilf.com\\\/rate-my-cock\\\/\",\"url\":\"https:\\\/\\\/fuckmyhotmilf.com\\\/rate-my-cock\\\/\",\"name\":\"Rate my cock - FuckMyHotMilf\",\"isPartOf\":{\"@id\":\"https:\\\/\\\/fuckmyhotmilf.com\\\/#website\"},\"primaryImageOfPage\":{\"@id\":\"https:\\\/\\\/fuckmyhotmilf.com\\\/rate-my-cock\\\/#primaryimage\"},\"image\":{\"@id\":\"https:\\\/\\\/fuckmyhotmilf.com\\\/rate-my-cock\\\/#primaryimage\"},\"thumbnailUrl\":\"https:\\\/\\\/fuckmyhotmilf.com\\\/wp-content\\\/uploads\\\/2022\\\/07\\\/cat-rate-my-cock.jpg\",\"datePublished\":\"2022-07-18T01:28:36+00:00\",\"dateModified\":\"2025-07-03T12:19:54+00:00\",\"description\":\"Upload a pic of your Cock and let people tells what they think about it. You can create a free account or post it anonymously :) You chose!\",\"breadcrumb\":{\"@id\":\"https:\\\/\\\/fuckmyhotmilf.com\\\/rate-my-cock\\\/#breadcrumb\"},\"inLanguage\":\"fr-FR\",\"potentialAction\":[{\"@type\":\"ReadAction\",\"target\":[\"https:\\\/\\\/fuckmyhotmilf.com\\\/rate-my-cock\\\/\"]}]},{\"@type\":\"ImageObject\",\"inLanguage\":\"fr-FR\",\"@id\":\"https:\\\/\\\/fuckmyhotmilf.com\\\/rate-my-cock\\\/#primaryimage\",\"url\":\"https:\\\/\\\/fuckmyhotmilf.com\\\/wp-content\\\/uploads\\\/2022\\\/07\\\/cat-rate-my-cock.jpg\",\"contentUrl\":\"https:\\\/\\\/fuckmyhotmilf.com\\\/wp-content\\\/uploads\\\/2022\\\/07\\\/cat-rate-my-cock.jpg\",\"width\":960,\"height\":540,\"caption\":\"rate your cock at fuckmyhotmilf. Upload your dick picture.\"},{\"@type\":\"BreadcrumbList\",\"@id\":\"https:\\\/\\\/fuckmyhotmilf.com\\\/rate-my-cock\\\/#breadcrumb\",\"itemListElement\":[{\"@type\":\"ListItem\",\"position\":1,\"name\":\"Home\",\"item\":\"https:\\\/\\\/fuckmyhotmilf.com\\\/\"},{\"@type\":\"ListItem\",\"position\":2,\"name\":\"Rate my cock\"}]},{\"@type\":\"WebSite\",\"@id\":\"https:\\\/\\\/fuckmyhotmilf.com\\\/#website\",\"url\":\"https:\\\/\\\/fuckmyhotmilf.com\\\/\",\"name\":\"FuckMyHotMilf\",\"description\":\"FuckMyHotMilf.com is the leading platform for Hotwife &amp; Cuckold lovers. Watch thousands of real amateur videos for free: hotwives getting shared, MILFs taking strangers, cuckolds watching, real couples exploring their fantasies\u2026 plus confessions, quizzes, GIFs and an active community. The full Hotwife experience, unfiltered.\",\"publisher\":{\"@id\":\"https:\\\/\\\/fuckmyhotmilf.com\\\/#organization\"},\"potentialAction\":[{\"@type\":\"SearchAction\",\"target\":{\"@type\":\"EntryPoint\",\"urlTemplate\":\"https:\\\/\\\/fuckmyhotmilf.com\\\/?s={search_term_string}\"},\"query-input\":{\"@type\":\"PropertyValueSpecification\",\"valueRequired\":true,\"valueName\":\"search_term_string\"}}],\"inLanguage\":\"fr-FR\"},{\"@type\":\"Organization\",\"@id\":\"https:\\\/\\\/fuckmyhotmilf.com\\\/#organization\",\"name\":\"Fuckmyhotmilf\",\"url\":\"https:\\\/\\\/fuckmyhotmilf.com\\\/\",\"logo\":{\"@type\":\"ImageObject\",\"inLanguage\":\"fr-FR\",\"@id\":\"https:\\\/\\\/fuckmyhotmilf.com\\\/#\\\/schema\\\/logo\\\/image\\\/\",\"url\":\"https:\\\/\\\/fuckmyhotmilf.com\\\/wp-content\\\/uploads\\\/2024\\\/12\\\/logo-fuckmyhotmilf-696x696-1.jpg\",\"contentUrl\":\"https:\\\/\\\/fuckmyhotmilf.com\\\/wp-content\\\/uploads\\\/2024\\\/12\\\/logo-fuckmyhotmilf-696x696-1.jpg\",\"width\":696,\"height\":696,\"caption\":\"Fuckmyhotmilf\"},\"image\":{\"@id\":\"https:\\\/\\\/fuckmyhotmilf.com\\\/#\\\/schema\\\/logo\\\/image\\\/\"}}]}<\/script>\n<!-- \/ Yoast SEO plugin. -->","yoast_head_json":{"title":"Rate my cock - FuckMyHotMilf","description":"Upload a pic of your Cock and let people tells what they think about it. You can create a free account or post it anonymously :) You chose!","robots":{"index":"index","follow":"follow","max-snippet":"max-snippet:-1","max-image-preview":"max-image-preview:large","max-video-preview":"max-video-preview:-1"},"canonical":"https:\/\/fuckmyhotmilf.com\/fr\/rate-my-cock\/","og_locale":"fr_FR","og_type":"article","og_title":"Rate my cock - FuckMyHotMilf","og_description":"Upload a pic of your Cock and let people tells what they think about it. You can create a free account or post it anonymously :) You chose!","og_url":"https:\/\/fuckmyhotmilf.com\/fr\/rate-my-cock\/","og_site_name":"FuckMyHotMilf","article_modified_time":"2025-07-03T12:19:54+00:00","og_image":[{"width":960,"height":540,"url":"http:\/\/fuckmyhotmilf.com\/wp-content\/uploads\/2022\/07\/cat-rate-my-cock.jpg","type":"image\/jpeg"}],"twitter_card":"summary_large_image","twitter_misc":{"Dur\u00e9e de lecture estim\u00e9e":"1 minute"},"schema":{"@context":"https:\/\/schema.org","@graph":[{"@type":"WebPage","@id":"https:\/\/fuckmyhotmilf.com\/rate-my-cock\/","url":"https:\/\/fuckmyhotmilf.com\/rate-my-cock\/","name":"Rate my cock - FuckMyHotMilf","isPartOf":{"@id":"https:\/\/fuckmyhotmilf.com\/#website"},"primaryImageOfPage":{"@id":"https:\/\/fuckmyhotmilf.com\/rate-my-cock\/#primaryimage"},"image":{"@id":"https:\/\/fuckmyhotmilf.com\/rate-my-cock\/#primaryimage"},"thumbnailUrl":"https:\/\/fuckmyhotmilf.com\/wp-content\/uploads\/2022\/07\/cat-rate-my-cock.jpg","datePublished":"2022-07-18T01:28:36+00:00","dateModified":"2025-07-03T12:19:54+00:00","description":"Upload a pic of your Cock and let people tells what they think about it. You can create a free account or post it anonymously :) You chose!","breadcrumb":{"@id":"https:\/\/fuckmyhotmilf.com\/rate-my-cock\/#breadcrumb"},"inLanguage":"fr-FR","potentialAction":[{"@type":"ReadAction","target":["https:\/\/fuckmyhotmilf.com\/rate-my-cock\/"]}]},{"@type":"ImageObject","inLanguage":"fr-FR","@id":"https:\/\/fuckmyhotmilf.com\/rate-my-cock\/#primaryimage","url":"https:\/\/fuckmyhotmilf.com\/wp-content\/uploads\/2022\/07\/cat-rate-my-cock.jpg","contentUrl":"https:\/\/fuckmyhotmilf.com\/wp-content\/uploads\/2022\/07\/cat-rate-my-cock.jpg","width":960,"height":540,"caption":"rate your cock at fuckmyhotmilf. Upload your dick picture."},{"@type":"BreadcrumbList","@id":"https:\/\/fuckmyhotmilf.com\/rate-my-cock\/#breadcrumb","itemListElement":[{"@type":"ListItem","position":1,"name":"Home","item":"https:\/\/fuckmyhotmilf.com\/"},{"@type":"ListItem","position":2,"name":"Rate my cock"}]},{"@type":"WebSite","@id":"https:\/\/fuckmyhotmilf.com\/#website","url":"https:\/\/fuckmyhotmilf.com\/","name":"FuckMyHotMilf","description":"FuckMyHotMilf.com is the leading platform for Hotwife &amp; Cuckold lovers. Watch thousands of real amateur videos for free: hotwives getting shared, MILFs taking strangers, cuckolds watching, real couples exploring their fantasies\u2026 plus confessions, quizzes, GIFs and an active community. The full Hotwife experience, unfiltered.","publisher":{"@id":"https:\/\/fuckmyhotmilf.com\/#organization"},"potentialAction":[{"@type":"SearchAction","target":{"@type":"EntryPoint","urlTemplate":"https:\/\/fuckmyhotmilf.com\/?s={search_term_string}"},"query-input":{"@type":"PropertyValueSpecification","valueRequired":true,"valueName":"search_term_string"}}],"inLanguage":"fr-FR"},{"@type":"Organization","@id":"https:\/\/fuckmyhotmilf.com\/#organization","name":"Fuckmyhotmilf","url":"https:\/\/fuckmyhotmilf.com\/","logo":{"@type":"ImageObject","inLanguage":"fr-FR","@id":"https:\/\/fuckmyhotmilf.com\/#\/schema\/logo\/image\/","url":"https:\/\/fuckmyhotmilf.com\/wp-content\/uploads\/2024\/12\/logo-fuckmyhotmilf-696x696-1.jpg","contentUrl":"https:\/\/fuckmyhotmilf.com\/wp-content\/uploads\/2024\/12\/logo-fuckmyhotmilf-696x696-1.jpg","width":696,"height":696,"caption":"Fuckmyhotmilf"},"image":{"@id":"https:\/\/fuckmyhotmilf.com\/#\/schema\/logo\/image\/"}}]}},"cmb2":{"page_slider_settings":{"display_slider_group":"no","page_slider_group":[{"layout":"slider-1","post_type":"post","order_by":"date","order":"DESC","display_categories":"yes","display_author":"yes","display_date":"yes","display_comment_count":"yes","display_view_count":"yes","display_like_count":"yes","display_dislike_count":"yes","fade":"no"}]},"blog_page_settings":{"blog_page_title":"","blog_page_heading":"off","blog_page_advance_search":"off","blog_page_ic":"","blog_page_it":"","blog_page_ec":"","blog_page_ip":"","blog_page_advance_search_id":"","archive_loop_style":"list-blog","blog_image_ratio":"","blog_show_categories":"on","blog_show_excerpt":"on","blog_show_author":"on","blog_show_date":"on","blog_show_comment_count":"on","blog_show_view_count":"on","blog_show_like_count":"on","blog_show_dislike_count":"on","blog_items_per_page":"10","blog_pag_type":"wp-default"},"page_options":{"get_page_template":"","color_mode":"","main_layout":"","main_layout_full_with":"","main_logo":"","main_logo_id":"","main_logo_retina":"","main_logo_retina_id":"","main_logo_mobile":"","main_logo_mobile_id":"","main_logo_mobile_retina":"","main_logo_mobile_retina_id":"","sticky_logo":"","sticky_logo_id":"","sticky_logo_retina":"","sticky_logo_retina_id":"","main_nav_layout":"","ajax_search":"","header_background":"","theme_sidebar":"right","instagram_feed":"","instagram_feed_position":"","popular_videos":"","popular_videos_title_1":"","popular_videos_title_2":"","popular_videos_ic":"","popular_videos_it":"","theme_background":"","page_custom_css":""}},"_links":{"self":[{"href":"https:\/\/fuckmyhotmilf.com\/fr\/wp-json\/wp\/v2\/pages\/18637","targetHints":{"allow":["GET"]}}],"collection":[{"href":"https:\/\/fuckmyhotmilf.com\/fr\/wp-json\/wp\/v2\/pages"}],"about":[{"href":"https:\/\/fuckmyhotmilf.com\/fr\/wp-json\/wp\/v2\/types\/page"}],"author":[{"embeddable":true,"href":"https:\/\/fuckmyhotmilf.com\/fr\/wp-json\/wp\/v2\/users\/1"}],"replies":[{"embeddable":true,"href":"https:\/\/fuckmyhotmilf.com\/fr\/wp-json\/wp\/v2\/comments?post=18637"}],"version-history":[{"count":17,"href":"https:\/\/fuckmyhotmilf.com\/fr\/wp-json\/wp\/v2\/pages\/18637\/revisions"}],"predecessor-version":[{"id":21222,"href":"https:\/\/fuckmyhotmilf.com\/fr\/wp-json\/wp\/v2\/pages\/18637\/revisions\/21222"}],"wp:featuredmedia":[{"embeddable":true,"href":"https:\/\/fuckmyhotmilf.com\/fr\/wp-json\/wp\/v2\/media\/18638"}],"wp:attachment":[{"href":"https:\/\/fuckmyhotmilf.com\/fr\/wp-json\/wp\/v2\/media?parent=18637"}],"curies":[{"name":"wp","href":"https:\/\/api.w.org\/{rel}","templated":true}]}}