{"id":16631,"date":"2021-02-19T23:47:27","date_gmt":"2021-02-19T23:47:27","guid":{"rendered":"http:\/\/fuckmyhotmilf.com\/?page_id=16631"},"modified":"2021-02-19T23:51:49","modified_gmt":"2021-02-19T23:51:49","slug":"dmca-copyright","status":"publish","type":"page","link":"https:\/\/fuckmyhotmilf.com\/fr\/dmca-copyright\/","title":{"rendered":"DMCA\/Copyright"},"content":{"rendered":"<p><\/p>\n\n\n\n<p>Avis de non-responsabilit\u00e9 concernant les droits d'auteur : Toutes les vid\u00e9os pr\u00e9sent\u00e9es sur ce site proviennent d'autres sites web tels que Pornhub, Xnxx, xVideos, xHamster, Redtube, YouPorn, Redtube, etc. qui les t\u00e9l\u00e9chargent ou les produisent.<\/p>\n\n\n\n<p>Fuckmyhotmilf.com prend tr\u00e8s au s\u00e9rieux les questions de propri\u00e9t\u00e9 intellectuelle et s'engage \u00e0 r\u00e9pondre aux besoins des propri\u00e9taires de contenu tout en les aidant \u00e0 g\u00e9rer la publication de leur contenu en ligne.<\/p>\n\n\n\n<p>Les vid\u00e9os provenant de sites tiers sont sous la responsabilit\u00e9 de ces sites et non de Fuckmyhotmilf. Nous n'avons aucune connaissance du fait que les contenus diffus\u00e9s sur des sites tiers sont ou ne sont pas autoris\u00e9s par le propri\u00e9taire du contenu, car il s'agit d'une question entre le site h\u00f4te et le propri\u00e9taire du contenu. Fuckmyhotmilf.com n'h\u00e9berge aucun contenu sur ses serveurs ou son r\u00e9seau.<\/p>\n\n\n\n<p>Les propri\u00e9taires de contenu doivent comprendre qu'en faisant retirer un lien de Fuckmyhotmilf.com, ils ne retireront pas la vid\u00e9o source du site tiers. Les propri\u00e9taires de contenu seront inform\u00e9s de la source de la vid\u00e9o int\u00e9gr\u00e9e sur Fuckmyhotmilf.com et devront contacter eux-m\u00eames le site d'h\u00e9bergement de la vid\u00e9o pour en demander le retrait.<\/p>\n\n\n\n<p>Ce site web (Fuckmyhotmilf.com) est consid\u00e9r\u00e9 comme un \"fournisseur de services\" au sens de l'article 17 U.S.C. \u00a7 512(k)(1) du Digital Millennium Copyright Act (\"DMCA\"). En cons\u00e9quence, elle b\u00e9n\u00e9ficie de certaines protections contre les plaintes pour violation des droits d'auteur en vertu du DMCA, commun\u00e9ment appel\u00e9es \"dispositions de la sph\u00e8re de s\u00e9curit\u00e9\". Nous respectons la propri\u00e9t\u00e9 intellectuelle d'autrui et nous demandons \u00e0 nos utilisateurs de faire de m\u00eame. En cons\u00e9quence, nous observons et respectons le DMCA, et avons adopt\u00e9 la politique de notification et de retrait suivante en cas de r\u00e9clamation pour violation de droits d'auteur par nos clients, abonn\u00e9s ou utilisateurs.<\/p>\n\n\n\n<p><strong>Proc\u00e9dure de d\u00e9montage<\/strong><\/p>\n\n\n\n<p>Fuckmyhotmilf.com met en \u0153uvre la proc\u00e9dure de \"notification et de retrait\" suivante d\u00e8s r\u00e9ception d'une notification de violation pr\u00e9sum\u00e9e des droits d'auteur. Fuckmyhotmilf.com se r\u00e9serve le droit, \u00e0 tout moment, de d\u00e9sactiver l'acc\u00e8s ou de supprimer tout mat\u00e9riel ou activit\u00e9 accessible sur ou \u00e0 partir de Fuckmyhotmilf.com ou tout mat\u00e9riel pr\u00e9tendument en infraction ou bas\u00e9 sur des faits ou des circonstances \u00e0 partir desquels une activit\u00e9 en infraction est apparente. Fuckmyhotmilf.com a pour politique de cl\u00f4turer le compte des contrefacteurs r\u00e9p\u00e9t\u00e9s de droits d'auteur, le cas \u00e9ch\u00e9ant, et Fuckmyhotmilf.com agira rapidement pour supprimer l'acc\u00e8s \u00e0 tout mat\u00e9riel qui enfreint les droits d'auteur d'autrui, conform\u00e9ment \u00e0 la proc\u00e9dure d\u00e9finie dans 17 U.S.C. \u00a7512 du Digital Millenium Copyright Act (\"DMCA\"). Les proc\u00e9dures de notification DMCA du SITE sont expos\u00e9es dans le paragraphe pr\u00e9c\u00e9dent. Si la notification n'est pas conforme au \u00a7512 du DMCA, mais qu'elle est conforme aux trois exigences d'identification des sites en infraction selon le \u00a7512 du DMCA, Fuckmyhotmilf.com tentera de contacter ou de prendre d'autres mesures raisonnables pour contacter la partie plaignante afin de l'aider \u00e0 se conformer aux exigences de la notification. Lorsque l'agent d\u00e9sign\u00e9 recevra une notification valide, Fuckmyhotmilf.com supprimera et\/ou d\u00e9sactivera rapidement l'acc\u00e8s au mat\u00e9riel en infraction et en informera l'utilisateur concern\u00e9. L'utilisateur concern\u00e9 peut alors soumettre une contre-notification \u00e0 l'agent d\u00e9sign\u00e9, contenant une d\u00e9claration faite sous peine de parjure, selon laquelle l'utilisateur croit de bonne foi que le mat\u00e9riel a \u00e9t\u00e9 retir\u00e9 en raison d'une identification erron\u00e9e du mat\u00e9riel. Apr\u00e8s r\u00e9ception de la contre-notification, l'agent d\u00e9sign\u00e9 remplacera le mat\u00e9riel en question dans un d\u00e9lai de 10 \u00e0 14 jours \u00e0 compter de la r\u00e9ception de la contre-notification, \u00e0 moins qu'il ne soit inform\u00e9 qu'une action en justice a \u00e9t\u00e9 intent\u00e9e par la partie plaignante en vue d'obtenir une injonction contre l'activit\u00e9 de contrefa\u00e7on. Fuckmyhotmilf.com se r\u00e9serve le droit de modifier, d'alt\u00e9rer ou d'ajouter des \u00e9l\u00e9ments \u00e0 cette politique, et tous les utilisateurs doivent r\u00e9guli\u00e8rement consulter les pr\u00e9sentes conditions g\u00e9n\u00e9rales pour se tenir au courant de ces changements.<\/p>\n\n\n\n<p><strong>Clients ou abonn\u00e9s du fournisseur de services<\/strong><\/p>\n\n\n\n<p>Dans le cas o\u00f9 le contrefacteur pr\u00e9sum\u00e9 identifi\u00e9 dans une notification DMCA est lui-m\u00eame un \"fournisseur de services\" au sens de 17 U.S.C. \u00a7 512(k)(1), Fuckmyhotmilf.com demande que toute notification DMCA relative \u00e0 une violation pr\u00e9sum\u00e9e par des utilisateurs tiers, des clients ou des abonn\u00e9s de ces fournisseurs de services soit soumise directement \u00e0 l'agent DMCA d\u00e9sign\u00e9 par le fournisseur de services plut\u00f4t qu'\u00e0 Fuckmyhotmilf.com.<br><br>Pour toute question ou pour signaler un abus, veuillez&nbsp;<a href=\"mailto:support@fuckmyhotmilf.com?subject=Report\"><strong>nous contacter<\/strong><\/a>.<\/p>","protected":false},"excerpt":{"rendered":"<p>Copyright disclaimer: All our videos on this site are embeded from other websites such as Pornhub, Xnxx, xVideos, xHamster, Redtube, YouPorn, Redtube etc. upload or produce them. Fuckmyhotmilf.com takes matters of Intellectual Property very seriously and is committed to meeting the needs of content owners while helping them manage publication of their content online. Any [&hellip;]<\/p>\n","protected":false},"author":1,"featured_media":0,"parent":0,"menu_order":0,"comment_status":"closed","ping_status":"closed","template":"","meta":{"pmpro_default_level":"","_monsterinsights_skip_tracking":false,"_monsterinsights_sitenote_active":false,"_monsterinsights_sitenote_note":"","_monsterinsights_sitenote_category":0,"footnotes":""},"class_list":["post-16631","page","type-page","status-publish","hentry","pmpro-has-access"],"yoast_head":"<!-- This site is optimized with the Yoast SEO plugin v27.5 - https:\/\/yoast.com\/product\/yoast-seo-wordpress\/ -->\n<title>DMCA\/Copyright - FuckMyHotMilf<\/title>\n<meta name=\"robots\" content=\"index, follow, max-snippet:-1, max-image-preview:large, max-video-preview:-1\" \/>\n<link rel=\"canonical\" href=\"https:\/\/fuckmyhotmilf.com\/fr\/dmca-copyright\/\" \/>\n<meta property=\"og:locale\" content=\"fr_FR\" \/>\n<meta property=\"og:type\" content=\"article\" \/>\n<meta property=\"og:title\" content=\"DMCA\/Copyright - FuckMyHotMilf\" \/>\n<meta property=\"og:description\" content=\"Copyright disclaimer: All our videos on this site are embeded from other websites such as Pornhub, Xnxx, xVideos, xHamster, Redtube, YouPorn, Redtube etc. upload or produce them. Fuckmyhotmilf.com takes matters of Intellectual Property very seriously and is committed to meeting the needs of content owners while helping them manage publication of their content online. Any [&hellip;]\" \/>\n<meta property=\"og:url\" content=\"https:\/\/fuckmyhotmilf.com\/fr\/dmca-copyright\/\" \/>\n<meta property=\"og:site_name\" content=\"FuckMyHotMilf\" \/>\n<meta property=\"article:modified_time\" content=\"2021-02-19T23:51:49+00:00\" \/>\n<meta property=\"og:image\" content=\"https:\/\/fuckmyhotmilf.com\/wp-content\/uploads\/2024\/12\/cover-fuckmyhotmilf-1200x675-1.jpg\" \/>\n\t<meta property=\"og:image:width\" content=\"1200\" \/>\n\t<meta property=\"og:image:height\" content=\"675\" \/>\n\t<meta property=\"og:image:type\" content=\"image\/jpeg\" \/>\n<meta name=\"twitter:card\" content=\"summary_large_image\" \/>\n<meta name=\"twitter:label1\" content=\"Dur\u00e9e de lecture estim\u00e9e\" \/>\n\t<meta name=\"twitter:data1\" content=\"3 minutes\" \/>\n<script type=\"application\/ld+json\" class=\"yoast-schema-graph\">{\"@context\":\"https:\\\/\\\/schema.org\",\"@graph\":[{\"@type\":\"WebPage\",\"@id\":\"https:\\\/\\\/fuckmyhotmilf.com\\\/dmca-copyright\\\/\",\"url\":\"https:\\\/\\\/fuckmyhotmilf.com\\\/dmca-copyright\\\/\",\"name\":\"DMCA\\\/Copyright - FuckMyHotMilf\",\"isPartOf\":{\"@id\":\"https:\\\/\\\/fuckmyhotmilf.com\\\/#website\"},\"datePublished\":\"2021-02-19T23:47:27+00:00\",\"dateModified\":\"2021-02-19T23:51:49+00:00\",\"breadcrumb\":{\"@id\":\"https:\\\/\\\/fuckmyhotmilf.com\\\/dmca-copyright\\\/#breadcrumb\"},\"inLanguage\":\"fr-FR\",\"potentialAction\":[{\"@type\":\"ReadAction\",\"target\":[\"https:\\\/\\\/fuckmyhotmilf.com\\\/dmca-copyright\\\/\"]}]},{\"@type\":\"BreadcrumbList\",\"@id\":\"https:\\\/\\\/fuckmyhotmilf.com\\\/dmca-copyright\\\/#breadcrumb\",\"itemListElement\":[{\"@type\":\"ListItem\",\"position\":1,\"name\":\"Home\",\"item\":\"https:\\\/\\\/fuckmyhotmilf.com\\\/\"},{\"@type\":\"ListItem\",\"position\":2,\"name\":\"DMCA\\\/Copyright\"}]},{\"@type\":\"WebSite\",\"@id\":\"https:\\\/\\\/fuckmyhotmilf.com\\\/#website\",\"url\":\"https:\\\/\\\/fuckmyhotmilf.com\\\/\",\"name\":\"FuckMyHotMilf\",\"description\":\"FuckMyHotMilf.com is the leading platform for Hotwife &amp; Cuckold lovers. Watch thousands of real amateur videos for free: hotwives getting shared, MILFs taking strangers, cuckolds watching, real couples exploring their fantasies\u2026 plus confessions, quizzes, GIFs and an active community. The full Hotwife experience, unfiltered.\",\"publisher\":{\"@id\":\"https:\\\/\\\/fuckmyhotmilf.com\\\/#organization\"},\"potentialAction\":[{\"@type\":\"SearchAction\",\"target\":{\"@type\":\"EntryPoint\",\"urlTemplate\":\"https:\\\/\\\/fuckmyhotmilf.com\\\/?s={search_term_string}\"},\"query-input\":{\"@type\":\"PropertyValueSpecification\",\"valueRequired\":true,\"valueName\":\"search_term_string\"}}],\"inLanguage\":\"fr-FR\"},{\"@type\":\"Organization\",\"@id\":\"https:\\\/\\\/fuckmyhotmilf.com\\\/#organization\",\"name\":\"Fuckmyhotmilf\",\"url\":\"https:\\\/\\\/fuckmyhotmilf.com\\\/\",\"logo\":{\"@type\":\"ImageObject\",\"inLanguage\":\"fr-FR\",\"@id\":\"https:\\\/\\\/fuckmyhotmilf.com\\\/#\\\/schema\\\/logo\\\/image\\\/\",\"url\":\"https:\\\/\\\/fuckmyhotmilf.com\\\/wp-content\\\/uploads\\\/2024\\\/12\\\/logo-fuckmyhotmilf-696x696-1.jpg\",\"contentUrl\":\"https:\\\/\\\/fuckmyhotmilf.com\\\/wp-content\\\/uploads\\\/2024\\\/12\\\/logo-fuckmyhotmilf-696x696-1.jpg\",\"width\":696,\"height\":696,\"caption\":\"Fuckmyhotmilf\"},\"image\":{\"@id\":\"https:\\\/\\\/fuckmyhotmilf.com\\\/#\\\/schema\\\/logo\\\/image\\\/\"}}]}<\/script>\n<!-- \/ Yoast SEO plugin. -->","yoast_head_json":{"title":"DMCA\/Copyright - FuckMyHotMilf","robots":{"index":"index","follow":"follow","max-snippet":"max-snippet:-1","max-image-preview":"max-image-preview:large","max-video-preview":"max-video-preview:-1"},"canonical":"https:\/\/fuckmyhotmilf.com\/fr\/dmca-copyright\/","og_locale":"fr_FR","og_type":"article","og_title":"DMCA\/Copyright - FuckMyHotMilf","og_description":"Copyright disclaimer: All our videos on this site are embeded from other websites such as Pornhub, Xnxx, xVideos, xHamster, Redtube, YouPorn, Redtube etc. upload or produce them. Fuckmyhotmilf.com takes matters of Intellectual Property very seriously and is committed to meeting the needs of content owners while helping them manage publication of their content online. Any [&hellip;]","og_url":"https:\/\/fuckmyhotmilf.com\/fr\/dmca-copyright\/","og_site_name":"FuckMyHotMilf","article_modified_time":"2021-02-19T23:51:49+00:00","og_image":[{"width":1200,"height":675,"url":"https:\/\/fuckmyhotmilf.com\/wp-content\/uploads\/2024\/12\/cover-fuckmyhotmilf-1200x675-1.jpg","type":"image\/jpeg"}],"twitter_card":"summary_large_image","twitter_misc":{"Dur\u00e9e de lecture estim\u00e9e":"3 minutes"},"schema":{"@context":"https:\/\/schema.org","@graph":[{"@type":"WebPage","@id":"https:\/\/fuckmyhotmilf.com\/dmca-copyright\/","url":"https:\/\/fuckmyhotmilf.com\/dmca-copyright\/","name":"DMCA\/Copyright - FuckMyHotMilf","isPartOf":{"@id":"https:\/\/fuckmyhotmilf.com\/#website"},"datePublished":"2021-02-19T23:47:27+00:00","dateModified":"2021-02-19T23:51:49+00:00","breadcrumb":{"@id":"https:\/\/fuckmyhotmilf.com\/dmca-copyright\/#breadcrumb"},"inLanguage":"fr-FR","potentialAction":[{"@type":"ReadAction","target":["https:\/\/fuckmyhotmilf.com\/dmca-copyright\/"]}]},{"@type":"BreadcrumbList","@id":"https:\/\/fuckmyhotmilf.com\/dmca-copyright\/#breadcrumb","itemListElement":[{"@type":"ListItem","position":1,"name":"Home","item":"https:\/\/fuckmyhotmilf.com\/"},{"@type":"ListItem","position":2,"name":"DMCA\/Copyright"}]},{"@type":"WebSite","@id":"https:\/\/fuckmyhotmilf.com\/#website","url":"https:\/\/fuckmyhotmilf.com\/","name":"FuckMyHotMilf","description":"FuckMyHotMilf.com is the leading platform for Hotwife &amp; Cuckold lovers. Watch thousands of real amateur videos for free: hotwives getting shared, MILFs taking strangers, cuckolds watching, real couples exploring their fantasies\u2026 plus confessions, quizzes, GIFs and an active community. The full Hotwife experience, unfiltered.","publisher":{"@id":"https:\/\/fuckmyhotmilf.com\/#organization"},"potentialAction":[{"@type":"SearchAction","target":{"@type":"EntryPoint","urlTemplate":"https:\/\/fuckmyhotmilf.com\/?s={search_term_string}"},"query-input":{"@type":"PropertyValueSpecification","valueRequired":true,"valueName":"search_term_string"}}],"inLanguage":"fr-FR"},{"@type":"Organization","@id":"https:\/\/fuckmyhotmilf.com\/#organization","name":"Fuckmyhotmilf","url":"https:\/\/fuckmyhotmilf.com\/","logo":{"@type":"ImageObject","inLanguage":"fr-FR","@id":"https:\/\/fuckmyhotmilf.com\/#\/schema\/logo\/image\/","url":"https:\/\/fuckmyhotmilf.com\/wp-content\/uploads\/2024\/12\/logo-fuckmyhotmilf-696x696-1.jpg","contentUrl":"https:\/\/fuckmyhotmilf.com\/wp-content\/uploads\/2024\/12\/logo-fuckmyhotmilf-696x696-1.jpg","width":696,"height":696,"caption":"Fuckmyhotmilf"},"image":{"@id":"https:\/\/fuckmyhotmilf.com\/#\/schema\/logo\/image\/"}}]}},"cmb2":{"page_slider_settings":{"display_slider_group":"no","page_slider_group":[{"layout":"slider-1","post_type":"post","order_by":"date","order":"DESC","display_categories":"yes","display_author":"yes","display_date":"yes","display_comment_count":"yes","display_view_count":"yes","display_like_count":"yes","display_dislike_count":"yes","fade":"no"}]},"blog_page_settings":{"blog_page_title":"","blog_page_heading":"off","blog_page_advance_search":"off","blog_page_ic":"","blog_page_it":"","blog_page_ec":"","blog_page_ip":"","blog_page_advance_search_id":"","archive_loop_style":"list-blog","blog_image_ratio":"","blog_show_categories":"on","blog_show_excerpt":"on","blog_show_author":"on","blog_show_date":"on","blog_show_comment_count":"on","blog_show_view_count":"on","blog_show_like_count":"on","blog_show_dislike_count":"on","blog_items_per_page":"10","blog_pag_type":"wp-default"},"page_options":{"get_page_template":"","color_mode":"","main_layout":"","main_layout_full_with":"","main_logo":"","main_logo_id":"","main_logo_retina":"","main_logo_retina_id":"","main_logo_mobile":"","main_logo_mobile_id":"","main_logo_mobile_retina":"","main_logo_mobile_retina_id":"","sticky_logo":"","sticky_logo_id":"","sticky_logo_retina":"","sticky_logo_retina_id":"","main_nav_layout":"","ajax_search":"","header_background":"","theme_sidebar":"","instagram_feed":"","instagram_feed_position":"","popular_videos":"","popular_videos_title_1":"","popular_videos_title_2":"","popular_videos_ic":"","popular_videos_it":"","theme_background":"","page_custom_css":""}},"_links":{"self":[{"href":"https:\/\/fuckmyhotmilf.com\/fr\/wp-json\/wp\/v2\/pages\/16631","targetHints":{"allow":["GET"]}}],"collection":[{"href":"https:\/\/fuckmyhotmilf.com\/fr\/wp-json\/wp\/v2\/pages"}],"about":[{"href":"https:\/\/fuckmyhotmilf.com\/fr\/wp-json\/wp\/v2\/types\/page"}],"author":[{"embeddable":true,"href":"https:\/\/fuckmyhotmilf.com\/fr\/wp-json\/wp\/v2\/users\/1"}],"replies":[{"embeddable":true,"href":"https:\/\/fuckmyhotmilf.com\/fr\/wp-json\/wp\/v2\/comments?post=16631"}],"version-history":[{"count":3,"href":"https:\/\/fuckmyhotmilf.com\/fr\/wp-json\/wp\/v2\/pages\/16631\/revisions"}],"predecessor-version":[{"id":16636,"href":"https:\/\/fuckmyhotmilf.com\/fr\/wp-json\/wp\/v2\/pages\/16631\/revisions\/16636"}],"wp:attachment":[{"href":"https:\/\/fuckmyhotmilf.com\/fr\/wp-json\/wp\/v2\/media?parent=16631"}],"curies":[{"name":"wp","href":"https:\/\/api.w.org\/{rel}","templated":true}]}}