{"id":16627,"date":"2021-02-19T23:38:21","date_gmt":"2021-02-19T23:38:21","guid":{"rendered":"http:\/\/fuckmyhotmilf.com\/?page_id=16627"},"modified":"2021-02-19T23:40:49","modified_gmt":"2021-02-19T23:40:49","slug":"privacy-policy","status":"publish","type":"page","link":"https:\/\/fuckmyhotmilf.com\/fr\/privacy-policy\/","title":{"rendered":"Politique de confidentialit\u00e9"},"content":{"rendered":"<p><strong>1.<\/strong>\u00a0Fuckmyhotmilf (le \"site web\") applique la politique de confidentialit\u00e9 suivante afin de prot\u00e9ger votre vie priv\u00e9e. Nous comprenons que votre vie priv\u00e9e est cruciale pour vous.<\/p>\n\n\n\n<p><strong>2.<\/strong>\u00a0Nous vous informerons des informations que nous pourrions utiliser et de la mani\u00e8re dont nous les utiliserons. La politique de confidentialit\u00e9 s'applique aux activit\u00e9s en ligne que vous effectuez sur Fuckmyhotmilf.<\/p>\n\n\n\n<p><strong>3.<\/strong>&nbsp;Modifications : Cette politique peut \u00eatre modifi\u00e9e de temps \u00e0 autre. Veuillez consulter r\u00e9guli\u00e8rement la politique de confidentialit\u00e9.<\/p>\n\n\n\n<p><strong>4.<\/strong>\u00a0<strong>Informations que nous pouvons recueillir aupr\u00e8s de vous.<\/strong><br>- Informations personnelles<br>Ces informations peuvent inclure, sans s'y limiter, l'adresse \u00e9lectronique, le nom d'utilisateur, l'\u00e2ge, l'enregistrement, les informations relatives aux achats, l'historique de navigation, l'historique de recherche, le type de navigateur, le syst\u00e8me d'exploitation, la communication avec d'autres membres au sein de Fuckmyhotmilf, le sexe, le code postal, le code postal, la ville et le pays. Les informations relatives aux achats, au type de navigateur, au syst\u00e8me d'exploitation, \u00e0 l'historique de navigation et aux communications sur le site web ne sont divulgu\u00e9es nulle part. D'autres informations peuvent \u00eatre divulgu\u00e9es sur le site et accessibles aux autres membres afin de faire fonctionner le site. Veuillez noter que nous ne recueillons pas sciemment d'informations personnelles aupr\u00e8s d'utilisateurs \u00e2g\u00e9s de moins de 18 ans, car nous exigeons que tous les utilisateurs d\u00e9clarent, lors de leur inscription, qu'ils sont \u00e2g\u00e9s d'au moins 18 ans.<\/p>\n\n\n\n<p><br>- Cookies<br>Les cookies sont de petits \u00e9l\u00e9ments de donn\u00e9es envoy\u00e9s par un site web et stock\u00e9s dans le navigateur web de l'utilisateur pendant qu'il navigue sur un site web. Fuckmyhotmilf peut utiliser des cookies pour garder une trace de votre activit\u00e9 sur le site web. Les cookies nous aident \u00e0 am\u00e9liorer votre exp\u00e9rience sur le site et \u00e0 vous offrir les options les plus optimis\u00e9es, tout en prot\u00e9geant votre compte. Veuillez noter que si vous choisissez de d\u00e9sactiver le suivi des cookies en modifiant les param\u00e8tres de votre navigateur, cela peut vous emp\u00eacher d'utiliser certaines sections du site web. Les cookies que nous stockons sont toujours des cookies techniques li\u00e9s \u00e0 l'IMC ou au suivi anonyme de Google Analytics.<\/p>\n\n\n\n<p><br>- Adresse IP<br>Il est tr\u00e8s courant de collecter l'adresse IP sur les sites de commerce \u00e9lectronique. Cela se fait automatiquement \u00e0 chaque fois que vous utilisez Fuckmyhotmilf. En outre, nous collectons le site web sur lequel vous \u00eates venu pr\u00e9c\u00e9demment de Fuckmyhotmilf. Ceci est utilis\u00e9 pour vous pr\u00e9senter les bonnes options sur le site web. Ces informations nous aident \u00e0 identifier et \u00e0 optimiser le service que vous utilisez.<\/p>\n\n\n\n<p><br>- Informations recueillies par des tiers<br>Des annonceurs ou partenaires tiers sur Fuckmyhotmilf peuvent \u00e9galement lire des cookies par le biais de leur publicit\u00e9 ou de la mise en place de liens. Veuillez noter que Fuckmyhotmilf ne contr\u00f4le pas les annonceurs tiers ou les liens, ni leurs pratiques commerciales ou leurs politiques de confidentialit\u00e9.<\/p>\n\n\n\n<p><strong>5.<\/strong>&nbsp;Utilisation des informations collect\u00e9es<br>Vos informations personnelles ne sont pas partag\u00e9es avec des tiers et sont utilis\u00e9es principalement pour communiquer avec vous et vous fournir un service optimis\u00e9. Nous utilisons principalement ces informations pour am\u00e9liorer les services qui vous sont fournis et vous pr\u00e9senter les options correctes sur le site web. Ces informations sont \u00e9galement utilis\u00e9es pour vous fournir, principalement par courrier \u00e9lectronique et par l'interm\u00e9diaire de votre compte en ligne, des informations et des communications \u00e9manant d'autres membres ou utilisateurs. Ces informations sont utilis\u00e9es pour am\u00e9liorer les services fournis et vous pr\u00e9senter des options correctes sur le site web.<br>sont appel\u00e9es \"communications op\u00e9rationnelles\". Vous pouvez modifier vos pr\u00e9f\u00e9rences en mati\u00e8re de courrier \u00e9lectronique par l'interm\u00e9diaire de votre compte et limiter le nombre de ces courriers. En cr\u00e9ant un profil sur le site web, vous acceptez de recevoir<br>les messages des membres et des utilisateurs du site web. Ces informations peuvent \u00e9galement \u00eatre utilis\u00e9es pour vous aider \u00e0 utiliser le site, r\u00e9pondre \u00e0 des questions, r\u00e9soudre des probl\u00e8mes et fournir une assistance technique.<\/p>\n\n\n\n<p><strong>5.1<\/strong>&nbsp;Nous pouvons \u00eatre amen\u00e9s \u00e0 partager vos informations afin d'assurer le bon fonctionnement du service. Ce partage peut \u00eatre n\u00e9cessaire avec nos repr\u00e9sentants et nos prestataires de services afin qu'ils puissent fournir leurs services, tels que le paiement.<br>Nous demandons \u00e0 ces repr\u00e9sentants et fournisseurs de services de ne pas partager les informations vous concernant \u00e0 d'autres fins que la fourniture de leurs services \u00e0 l'Union europ\u00e9enne. Nous demandons \u00e0 ces repr\u00e9sentants et prestataires de services de ne pas partager ou utiliser vos informations \u00e0 d'autres fins que la fourniture de leurs services \u00e0 l'Union europ\u00e9enne.<br>site web.<\/p>\n\n\n\n<p><strong>5.2<\/strong>&nbsp;Nous pouvons \u00e9galement utiliser ces informations pour pr\u00e9senter \u00e0 des tiers des informations statistiques, mais celles-ci ne vous identifieront pas personnellement.<\/p>\n\n\n\n<p><strong>5.3<\/strong>&nbsp;Nous pouvons divulguer vos informations si nous y sommes contraints par un organisme charg\u00e9 de l'application de la loi ou si nous avons besoin d'utiliser ces informations pour faire respecter des droits intellectuels ou r\u00e9soudre des probl\u00e8mes de marques.<\/p>\n\n\n\n<p><strong>6.<\/strong>\u00a0Modifier les informations stock\u00e9es par notre site web<br>Vous pouvez modifier vos pr\u00e9f\u00e9rences en mati\u00e8re de courrier \u00e9lectronique, refuser certaines communications ou modifier vos informations personnelles en mettant \u00e0 jour votre profil ici. Veuillez noter qu'en raison des mises \u00e0 jour de synchronisation des serveurs, les modifications peuvent prendre quelques heures pour appara\u00eetre sur le site web. Vous pouvez \u00e9galement contacter notre service client\u00e8le en cliquant ici ou supprimer votre compte. Les donn\u00e9es seront sauvegard\u00e9es par nos soins mais votre profil ne sera plus visible.<\/p>","protected":false},"excerpt":{"rendered":"<p>1.\u00a0Fuckmyhotmilf (the \u201cwebsite\u201d) applies the following Privacy Policy in order to protect your privacy. We understand your privacy is crucial to you. 2.\u00a0We will let you know what information we may use and in what way we will be using it. The privacy policy applies to online activities done by you in Fuckmyhotmilf. 3.&nbsp;Changes: This [&hellip;]<\/p>\n","protected":false},"author":1,"featured_media":0,"parent":0,"menu_order":0,"comment_status":"closed","ping_status":"closed","template":"","meta":{"pmpro_default_level":"","_monsterinsights_skip_tracking":false,"_monsterinsights_sitenote_active":false,"_monsterinsights_sitenote_note":"","_monsterinsights_sitenote_category":0,"footnotes":""},"class_list":["post-16627","page","type-page","status-publish","hentry","pmpro-has-access"],"yoast_head":"<!-- This site is optimized with the Yoast SEO plugin v27.5 - https:\/\/yoast.com\/product\/yoast-seo-wordpress\/ -->\n<title>Privacy Policy - FuckMyHotMilf<\/title>\n<meta name=\"robots\" content=\"index, follow, max-snippet:-1, max-image-preview:large, max-video-preview:-1\" \/>\n<link rel=\"canonical\" href=\"https:\/\/fuckmyhotmilf.com\/fr\/privacy-policy\/\" \/>\n<meta property=\"og:locale\" content=\"fr_FR\" \/>\n<meta property=\"og:type\" content=\"article\" \/>\n<meta property=\"og:title\" content=\"Privacy Policy - FuckMyHotMilf\" \/>\n<meta property=\"og:description\" content=\"1.\u00a0Fuckmyhotmilf (the \u201cwebsite\u201d) applies the following Privacy Policy in order to protect your privacy. We understand your privacy is crucial to you. 2.\u00a0We will let you know what information we may use and in what way we will be using it. The privacy policy applies to online activities done by you in Fuckmyhotmilf. 3.&nbsp;Changes: This [&hellip;]\" \/>\n<meta property=\"og:url\" content=\"https:\/\/fuckmyhotmilf.com\/fr\/privacy-policy\/\" \/>\n<meta property=\"og:site_name\" content=\"FuckMyHotMilf\" \/>\n<meta property=\"article:modified_time\" content=\"2021-02-19T23:40:49+00:00\" \/>\n<meta property=\"og:image\" content=\"https:\/\/fuckmyhotmilf.com\/wp-content\/uploads\/2024\/12\/cover-fuckmyhotmilf-1200x675-1.jpg\" \/>\n\t<meta property=\"og:image:width\" content=\"1200\" \/>\n\t<meta property=\"og:image:height\" content=\"675\" \/>\n\t<meta property=\"og:image:type\" content=\"image\/jpeg\" \/>\n<meta name=\"twitter:card\" content=\"summary_large_image\" \/>\n<meta name=\"twitter:label1\" content=\"Dur\u00e9e de lecture estim\u00e9e\" \/>\n\t<meta name=\"twitter:data1\" content=\"4 minutes\" \/>\n<script type=\"application\/ld+json\" class=\"yoast-schema-graph\">{\"@context\":\"https:\\\/\\\/schema.org\",\"@graph\":[{\"@type\":\"WebPage\",\"@id\":\"https:\\\/\\\/fuckmyhotmilf.com\\\/privacy-policy\\\/\",\"url\":\"https:\\\/\\\/fuckmyhotmilf.com\\\/privacy-policy\\\/\",\"name\":\"Privacy Policy - FuckMyHotMilf\",\"isPartOf\":{\"@id\":\"https:\\\/\\\/fuckmyhotmilf.com\\\/#website\"},\"datePublished\":\"2021-02-19T23:38:21+00:00\",\"dateModified\":\"2021-02-19T23:40:49+00:00\",\"breadcrumb\":{\"@id\":\"https:\\\/\\\/fuckmyhotmilf.com\\\/privacy-policy\\\/#breadcrumb\"},\"inLanguage\":\"fr-FR\",\"potentialAction\":[{\"@type\":\"ReadAction\",\"target\":[\"https:\\\/\\\/fuckmyhotmilf.com\\\/privacy-policy\\\/\"]}]},{\"@type\":\"BreadcrumbList\",\"@id\":\"https:\\\/\\\/fuckmyhotmilf.com\\\/privacy-policy\\\/#breadcrumb\",\"itemListElement\":[{\"@type\":\"ListItem\",\"position\":1,\"name\":\"Home\",\"item\":\"https:\\\/\\\/fuckmyhotmilf.com\\\/\"},{\"@type\":\"ListItem\",\"position\":2,\"name\":\"Privacy Policy\"}]},{\"@type\":\"WebSite\",\"@id\":\"https:\\\/\\\/fuckmyhotmilf.com\\\/#website\",\"url\":\"https:\\\/\\\/fuckmyhotmilf.com\\\/\",\"name\":\"FuckMyHotMilf\",\"description\":\"FuckMyHotMilf.com is the leading platform for Hotwife &amp; Cuckold lovers. Watch thousands of real amateur videos for free: hotwives getting shared, MILFs taking strangers, cuckolds watching, real couples exploring their fantasies\u2026 plus confessions, quizzes, GIFs and an active community. The full Hotwife experience, unfiltered.\",\"publisher\":{\"@id\":\"https:\\\/\\\/fuckmyhotmilf.com\\\/#organization\"},\"potentialAction\":[{\"@type\":\"SearchAction\",\"target\":{\"@type\":\"EntryPoint\",\"urlTemplate\":\"https:\\\/\\\/fuckmyhotmilf.com\\\/?s={search_term_string}\"},\"query-input\":{\"@type\":\"PropertyValueSpecification\",\"valueRequired\":true,\"valueName\":\"search_term_string\"}}],\"inLanguage\":\"fr-FR\"},{\"@type\":\"Organization\",\"@id\":\"https:\\\/\\\/fuckmyhotmilf.com\\\/#organization\",\"name\":\"Fuckmyhotmilf\",\"url\":\"https:\\\/\\\/fuckmyhotmilf.com\\\/\",\"logo\":{\"@type\":\"ImageObject\",\"inLanguage\":\"fr-FR\",\"@id\":\"https:\\\/\\\/fuckmyhotmilf.com\\\/#\\\/schema\\\/logo\\\/image\\\/\",\"url\":\"https:\\\/\\\/fuckmyhotmilf.com\\\/wp-content\\\/uploads\\\/2024\\\/12\\\/logo-fuckmyhotmilf-696x696-1.jpg\",\"contentUrl\":\"https:\\\/\\\/fuckmyhotmilf.com\\\/wp-content\\\/uploads\\\/2024\\\/12\\\/logo-fuckmyhotmilf-696x696-1.jpg\",\"width\":696,\"height\":696,\"caption\":\"Fuckmyhotmilf\"},\"image\":{\"@id\":\"https:\\\/\\\/fuckmyhotmilf.com\\\/#\\\/schema\\\/logo\\\/image\\\/\"}}]}<\/script>\n<!-- \/ Yoast SEO plugin. -->","yoast_head_json":{"title":"Privacy Policy - FuckMyHotMilf","robots":{"index":"index","follow":"follow","max-snippet":"max-snippet:-1","max-image-preview":"max-image-preview:large","max-video-preview":"max-video-preview:-1"},"canonical":"https:\/\/fuckmyhotmilf.com\/fr\/privacy-policy\/","og_locale":"fr_FR","og_type":"article","og_title":"Privacy Policy - FuckMyHotMilf","og_description":"1.\u00a0Fuckmyhotmilf (the \u201cwebsite\u201d) applies the following Privacy Policy in order to protect your privacy. We understand your privacy is crucial to you. 2.\u00a0We will let you know what information we may use and in what way we will be using it. The privacy policy applies to online activities done by you in Fuckmyhotmilf. 3.&nbsp;Changes: This [&hellip;]","og_url":"https:\/\/fuckmyhotmilf.com\/fr\/privacy-policy\/","og_site_name":"FuckMyHotMilf","article_modified_time":"2021-02-19T23:40:49+00:00","og_image":[{"width":1200,"height":675,"url":"https:\/\/fuckmyhotmilf.com\/wp-content\/uploads\/2024\/12\/cover-fuckmyhotmilf-1200x675-1.jpg","type":"image\/jpeg"}],"twitter_card":"summary_large_image","twitter_misc":{"Dur\u00e9e de lecture estim\u00e9e":"4 minutes"},"schema":{"@context":"https:\/\/schema.org","@graph":[{"@type":"WebPage","@id":"https:\/\/fuckmyhotmilf.com\/privacy-policy\/","url":"https:\/\/fuckmyhotmilf.com\/privacy-policy\/","name":"Privacy Policy - FuckMyHotMilf","isPartOf":{"@id":"https:\/\/fuckmyhotmilf.com\/#website"},"datePublished":"2021-02-19T23:38:21+00:00","dateModified":"2021-02-19T23:40:49+00:00","breadcrumb":{"@id":"https:\/\/fuckmyhotmilf.com\/privacy-policy\/#breadcrumb"},"inLanguage":"fr-FR","potentialAction":[{"@type":"ReadAction","target":["https:\/\/fuckmyhotmilf.com\/privacy-policy\/"]}]},{"@type":"BreadcrumbList","@id":"https:\/\/fuckmyhotmilf.com\/privacy-policy\/#breadcrumb","itemListElement":[{"@type":"ListItem","position":1,"name":"Home","item":"https:\/\/fuckmyhotmilf.com\/"},{"@type":"ListItem","position":2,"name":"Privacy Policy"}]},{"@type":"WebSite","@id":"https:\/\/fuckmyhotmilf.com\/#website","url":"https:\/\/fuckmyhotmilf.com\/","name":"FuckMyHotMilf","description":"FuckMyHotMilf.com is the leading platform for Hotwife &amp; Cuckold lovers. Watch thousands of real amateur videos for free: hotwives getting shared, MILFs taking strangers, cuckolds watching, real couples exploring their fantasies\u2026 plus confessions, quizzes, GIFs and an active community. The full Hotwife experience, unfiltered.","publisher":{"@id":"https:\/\/fuckmyhotmilf.com\/#organization"},"potentialAction":[{"@type":"SearchAction","target":{"@type":"EntryPoint","urlTemplate":"https:\/\/fuckmyhotmilf.com\/?s={search_term_string}"},"query-input":{"@type":"PropertyValueSpecification","valueRequired":true,"valueName":"search_term_string"}}],"inLanguage":"fr-FR"},{"@type":"Organization","@id":"https:\/\/fuckmyhotmilf.com\/#organization","name":"Fuckmyhotmilf","url":"https:\/\/fuckmyhotmilf.com\/","logo":{"@type":"ImageObject","inLanguage":"fr-FR","@id":"https:\/\/fuckmyhotmilf.com\/#\/schema\/logo\/image\/","url":"https:\/\/fuckmyhotmilf.com\/wp-content\/uploads\/2024\/12\/logo-fuckmyhotmilf-696x696-1.jpg","contentUrl":"https:\/\/fuckmyhotmilf.com\/wp-content\/uploads\/2024\/12\/logo-fuckmyhotmilf-696x696-1.jpg","width":696,"height":696,"caption":"Fuckmyhotmilf"},"image":{"@id":"https:\/\/fuckmyhotmilf.com\/#\/schema\/logo\/image\/"}}]}},"cmb2":{"page_slider_settings":{"display_slider_group":"no","page_slider_group":[{"layout":"slider-1","post_type":"post","order_by":"date","order":"DESC","display_categories":"yes","display_author":"yes","display_date":"yes","display_comment_count":"yes","display_view_count":"yes","display_like_count":"yes","display_dislike_count":"yes","fade":"no"}]},"blog_page_settings":{"blog_page_title":"","blog_page_heading":"off","blog_page_advance_search":"off","blog_page_ic":"","blog_page_it":"","blog_page_ec":"","blog_page_ip":"","blog_page_advance_search_id":"","archive_loop_style":"list-blog","blog_image_ratio":"","blog_show_categories":"on","blog_show_excerpt":"on","blog_show_author":"on","blog_show_date":"on","blog_show_comment_count":"on","blog_show_view_count":"on","blog_show_like_count":"on","blog_show_dislike_count":"on","blog_items_per_page":"10","blog_pag_type":"wp-default"},"page_options":{"get_page_template":"","color_mode":"","main_layout":"","main_layout_full_with":"","main_logo":"","main_logo_id":"","main_logo_retina":"","main_logo_retina_id":"","main_logo_mobile":"","main_logo_mobile_id":"","main_logo_mobile_retina":"","main_logo_mobile_retina_id":"","sticky_logo":"","sticky_logo_id":"","sticky_logo_retina":"","sticky_logo_retina_id":"","main_nav_layout":"","ajax_search":"","header_background":"","theme_sidebar":"","instagram_feed":"","instagram_feed_position":"","popular_videos":"","popular_videos_title_1":"","popular_videos_title_2":"","popular_videos_ic":"","popular_videos_it":"","theme_background":"","page_custom_css":""}},"_links":{"self":[{"href":"https:\/\/fuckmyhotmilf.com\/fr\/wp-json\/wp\/v2\/pages\/16627","targetHints":{"allow":["GET"]}}],"collection":[{"href":"https:\/\/fuckmyhotmilf.com\/fr\/wp-json\/wp\/v2\/pages"}],"about":[{"href":"https:\/\/fuckmyhotmilf.com\/fr\/wp-json\/wp\/v2\/types\/page"}],"author":[{"embeddable":true,"href":"https:\/\/fuckmyhotmilf.com\/fr\/wp-json\/wp\/v2\/users\/1"}],"replies":[{"embeddable":true,"href":"https:\/\/fuckmyhotmilf.com\/fr\/wp-json\/wp\/v2\/comments?post=16627"}],"version-history":[{"count":1,"href":"https:\/\/fuckmyhotmilf.com\/fr\/wp-json\/wp\/v2\/pages\/16627\/revisions"}],"predecessor-version":[{"id":16629,"href":"https:\/\/fuckmyhotmilf.com\/fr\/wp-json\/wp\/v2\/pages\/16627\/revisions\/16629"}],"wp:attachment":[{"href":"https:\/\/fuckmyhotmilf.com\/fr\/wp-json\/wp\/v2\/media?parent=16627"}],"curies":[{"name":"wp","href":"https:\/\/api.w.org\/{rel}","templated":true}]}}