{"id":15037,"date":"2021-01-07T12:08:25","date_gmt":"2021-01-07T12:08:25","guid":{"rendered":"http:\/\/fuckmyhotmilf.com\/?page_id=15037"},"modified":"2025-11-29T20:01:27","modified_gmt":"2025-11-29T20:01:27","slug":"new-confession","status":"publish","type":"page","link":"https:\/\/fuckmyhotmilf.com\/fr\/new-confession\/","title":{"rendered":"Nouvelle confession"},"content":{"rendered":"<div data-elementor-type=\"wp-page\" data-elementor-id=\"15037\" class=\"elementor elementor-15037\" data-elementor-post-type=\"page\">\n\t\t\t\t\t\t<section class=\"elementor-section elementor-top-section elementor-element elementor-element-b490779 elementor-section-boxed elementor-section-height-default elementor-section-height-default\" data-id=\"b490779\" data-element_type=\"section\" data-e-type=\"section\" data-settings=\"{&quot;background_background&quot;:&quot;classic&quot;}\">\n\t\t\t\t\t\t<div class=\"elementor-container elementor-column-gap-default\">\n\t\t\t\t\t<div class=\"elementor-column elementor-col-100 elementor-top-column elementor-element elementor-element-c0f7e40\" data-id=\"c0f7e40\" data-element_type=\"column\" data-e-type=\"column\">\n\t\t\t<div class=\"elementor-widget-wrap elementor-element-populated\">\n\t\t\t\t\t\t<div class=\"elementor-element elementor-element-34fa84b elementor-widget elementor-widget-heading\" data-id=\"34fa84b\" data-element_type=\"widget\" data-e-type=\"widget\" data-widget_type=\"heading.default\">\n\t\t\t\t<div class=\"elementor-widget-container\">\n\t\t\t\t\t<h1 class=\"elementor-heading-title elementor-size-default\">Confessez ici vos fantasmes les plus intimes et vos histoires les plus torrides.<br><span style=\"font-size:0.9em;font-weight:400\">Faites-nous part de vos penchants et de vos f\u00e9tiches de mani\u00e8re totalement anonyme.<\/span><\/h1>\t\t\t\t<\/div>\n\t\t\t\t<\/div>\n\t\t\t\t<div class=\"elementor-element elementor-element-eadeb5d elementor-widget elementor-widget-heading\" data-id=\"eadeb5d\" data-element_type=\"widget\" data-e-type=\"widget\" data-widget_type=\"heading.default\">\n\t\t\t\t<div class=\"elementor-widget-container\">\n\t\t\t\t\t<h2 class=\"elementor-heading-title elementor-size-default\">Cocu, Voyeurisme, M\u00e9nage \u00e0 trois, Masturbation, Confession de la femme de t\u00eate...<\/h2>\t\t\t\t<\/div>\n\t\t\t\t<\/div>\n\t\t\t\t<div class=\"elementor-element elementor-element-bb1f2ba elementor-widget elementor-widget-heading\" data-id=\"bb1f2ba\" data-element_type=\"widget\" data-e-type=\"widget\" data-widget_type=\"heading.default\">\n\t\t\t\t<div class=\"elementor-widget-container\">\n\t\t\t\t\t<h3 class=\"elementor-heading-title elementor-size-default\">Choisissez votre cat\u00e9gorie et n'oubliez pas de nous dire s'il s'agit d'une histoire fantastique ou r\u00e9elle.<br>\nNous sommes tout ou\u00efe et avons h\u00e2te de nous branler sur votre histoire.<\/h3>\t\t\t\t<\/div>\n\t\t\t\t<\/div>\n\t\t\t\t<div class=\"elementor-element elementor-element-cff4edb elementor-view-default elementor-widget elementor-widget-icon\" data-id=\"cff4edb\" data-element_type=\"widget\" data-e-type=\"widget\" data-widget_type=\"icon.default\">\n\t\t\t\t<div class=\"elementor-widget-container\">\n\t\t\t\t\t\t\t<div class=\"elementor-icon-wrapper\">\n\t\t\t<div class=\"elementor-icon\">\n\t\t\t<i aria-hidden=\"true\" class=\"fas fa-arrow-down\"><\/i>\t\t\t<\/div>\n\t\t<\/div>\n\t\t\t\t\t\t<\/div>\n\t\t\t\t<\/div>\n\t\t\t\t\t<\/div>\n\t\t<\/div>\n\t\t\t\t\t<\/div>\n\t\t<\/section>\n\t\t\t\t<section class=\"elementor-section elementor-top-section elementor-element elementor-element-8231ab7 elementor-section-boxed elementor-section-height-default elementor-section-height-default\" data-id=\"8231ab7\" data-element_type=\"section\" data-e-type=\"section\">\n\t\t\t\t\t\t<div class=\"elementor-container elementor-column-gap-default\">\n\t\t\t\t\t<div class=\"elementor-column elementor-col-100 elementor-top-column elementor-element elementor-element-4b3b143\" data-id=\"4b3b143\" data-element_type=\"column\" data-e-type=\"column\">\n\t\t\t<div class=\"elementor-widget-wrap elementor-element-populated\">\n\t\t\t\t\t\t<div class=\"elementor-element elementor-element-28e8d5b elementor-widget elementor-widget-spacer\" data-id=\"28e8d5b\" data-element_type=\"widget\" data-e-type=\"widget\" data-widget_type=\"spacer.default\">\n\t\t\t\t<div class=\"elementor-widget-container\">\n\t\t\t\t\t\t\t<div class=\"elementor-spacer\">\n\t\t\t<div class=\"elementor-spacer-inner\"><\/div>\n\t\t<\/div>\n\t\t\t\t\t\t<\/div>\n\t\t\t\t<\/div>\n\t\t\t\t<div class=\"elementor-element elementor-element-d6dfafb elementor-widget elementor-widget-sidebar\" data-id=\"d6dfafb\" data-element_type=\"widget\" data-e-type=\"widget\" data-widget_type=\"sidebar.default\">\n\t\t\t\t<div class=\"elementor-widget-container\">\n\t\t\t\t\t<div id=\"custom_html-21\" class=\"widget_text widget r-widget-control no-ad-border-side widget__col-04 widget_custom_html\"><div class=\"widget_text widget-item-wrap\"><div class=\"textwidget custom-html-widget\"><!-- ad only desktop home 900x250 adultforce-->\r\n\r\n<!--iframe style=\"background-color: white;\" width=\"900\" height=\"250\" scrolling=\"no\" frameborder=\"0\" allowtransparency=\"true\" marginheight=\"0\" marginwidth=\"0\" name=\"spot_id_10002800\" src=\"\/\/a.adtng.com\/get\/10002800?ata=th3bull\"><\/iframe--><\/div><\/div><\/div>\t\t\t\t<\/div>\n\t\t\t\t<\/div>\n\t\t\t\t\t<\/div>\n\t\t<\/div>\n\t\t\t\t\t<\/div>\n\t\t<\/section>\n\t\t\t\t<section class=\"elementor-section elementor-top-section elementor-element elementor-element-d7eaf04 elementor-section-boxed elementor-section-height-default elementor-section-height-default\" data-id=\"d7eaf04\" data-element_type=\"section\" data-e-type=\"section\">\n\t\t\t\t\t\t<div class=\"elementor-container elementor-column-gap-default\">\n\t\t\t\t\t<div class=\"elementor-column elementor-col-16 elementor-top-column elementor-element elementor-element-5880746\" data-id=\"5880746\" data-element_type=\"column\" data-e-type=\"column\">\n\t\t\t<div class=\"elementor-widget-wrap\">\n\t\t\t\t\t\t\t<\/div>\n\t\t<\/div>\n\t\t\t\t<div class=\"elementor-column elementor-col-66 elementor-top-column elementor-element elementor-element-9808422\" data-id=\"9808422\" data-element_type=\"column\" data-e-type=\"column\">\n\t\t\t<div class=\"elementor-widget-wrap elementor-element-populated\">\n\t\t\t\t\t\t<div class=\"elementor-element elementor-element-ab5f273 elementor-hidden-desktop elementor-hidden-tablet elementor-hidden-mobile elementor-widget elementor-widget-shortcode\" data-id=\"ab5f273\" data-element_type=\"widget\" data-e-type=\"widget\" data-widget_type=\"shortcode.default\">\n\t\t\t\t<div class=\"elementor-widget-container\">\n\t\t\t\t\t\t\t<div class=\"elementor-shortcode\">Vous devez \u00eatre connect\u00e9 pour poster.<\/div>\n\t\t\t\t\t\t<\/div>\n\t\t\t\t<\/div>\n\t\t\t\t<div class=\"elementor-element elementor-element-bd9abe9 elementor-widget elementor-widget-shortcode\" data-id=\"bd9abe9\" data-element_type=\"widget\" data-e-type=\"widget\" data-widget_type=\"shortcode.default\">\n\t\t\t\t<div class=\"elementor-widget-container\">\n\t\t\t\t\t\t\t<div class=\"elementor-shortcode\"><div class=\"forminator-ui forminator-custom-form forminator-custom-form-30302 forminator-design--default  forminator_ajax\" data-forminator-render=\"0\" data-form=\"forminator-module-30302\" data-uid=\"69f9ca63ebf08\"><br\/><\/div><form\n\t\t\t\tid=\"forminator-module-30302\"\n\t\t\t\tclass=\"forminator-ui forminator-custom-form forminator-custom-form-30302 forminator-design--default  forminator_ajax\"\n\t\t\t\tmethod=\"post\"\n\t\t\t\tdata-forminator-render=\"0\"\n\t\t\t\tdata-form-id=\"30302\"\n\t\t\t\tenctype=\"multipart\/form-data\" data-color-option=\"theme\" data-design=\"default\" data-grid=\"open\" style=\"display: none;\"\n\t\t\t\tdata-uid=\"69f9ca63ebf08\" action=\"\"\n\t\t\t><div role=\"alert\" aria-live=\"polite\" class=\"forminator-response-message forminator-error\" aria-hidden=\"true\"><\/div><div class=\"forminator-row forminator-hidden\"><input type=\"hidden\" id=\"hidden-1_69f9ca63ebf08\" name=\"hidden-1\" value=\"\" \/><\/div><div class=\"forminator-row\"><div id=\"text-1\" class=\"forminator-field-text forminator-col forminator-col-12\"><div class=\"forminator-field\"><label for=\"forminator-field-text-1_69f9ca63ebf08\" id=\"forminator-field-text-1_69f9ca63ebf08-label\" class=\"forminator-label\">Titre de votre confession <span class=\"forminator-required\">*<\/span><\/label><input type=\"text\" name=\"text-1\" value=\"\" placeholder=\"\" id=\"forminator-field-text-1_69f9ca63ebf08\" class=\"forminator-input forminator-name--field\" data-required=\"1\" \/><\/div><\/div><\/div><div class=\"forminator-row\"><div id=\"select-1\" class=\"forminator-field-select forminator-col forminator-col-12\"><div class=\"forminator-field\"><label for=\"forminator-form-30302__field--select-1_69f9ca63ebf08\" id=\"forminator-form-30302__field--select-1_69f9ca63ebf08-label\" class=\"forminator-label\">Fantaisie ou histoire vraie ? <span class=\"forminator-required\">*<\/span><\/label><select  id=\"forminator-form-30302__field--select-1_69f9ca63ebf08\" class=\"forminator-select--field forminator-select2 forminator-select2-multiple\" data-required=\"1\" name=\"select-1\" data-default-value=\"fantasy\" data-hidden-behavior=\"zero\" data-placeholder=\"Select\" data-search=\"false\" data-search-placeholder=\"Select\" data-checkbox=\"false\" data-allow-clear=\"false\" aria-labelledby=\"forminator-form-30302__field--select-1_69f9ca63ebf08-label\"><option value=\"\"  >S\u00e9lectionner<\/option><option value=\"fantasy\" selected=\"selected\" data-calculation=\"0\">Fantaisie<\/option><option value=\"real-story\"  data-calculation=\"0\">Histoire vraie<\/option><\/select><\/div><\/div><\/div><div class=\"forminator-row\"><div id=\"textarea-1\" class=\"forminator-field-textarea forminator-col forminator-col-12\"><div class=\"forminator-field\"><label for=\"forminator-field-textarea-1_69f9ca63ebf08\" id=\"forminator-field-textarea-1_69f9ca63ebf08-label\" class=\"forminator-label\">Votre histoire \/ Fantaisie <span class=\"forminator-required\">*<\/span><\/label><textarea name=\"textarea-1\" placeholder=\"Racontez-nous tout...\" id=\"forminator-field-textarea-1_69f9ca63ebf08\" class=\"forminator-textarea\" rows=\"6\" style=\"min-height:140px;\" ><\/textarea><\/div><\/div><\/div><div class=\"forminator-row\"><div id=\"upload-1\" class=\"forminator-field-upload forminator-col forminator-col-12\"><div class=\"forminator-field\"><label for=\"forminator-field-upload-1_69f9ca63ebf08\" id=\"forminator-field-upload-1_69f9ca63ebf08-label\" class=\"forminator-label\">T\u00e9l\u00e9charger une photo (optionnel)<\/label><div class=\"forminator-multi-upload\" data-element=\"upload-1_69f9ca63ebf08\"><input type=\"file\" name=\"upload-1[]\" id=\"forminator-field-upload-1_69f9ca63ebf08\" class=\"forminator-input-file forminator-field-upload-1_69f9ca63ebf08-30302\" multiple=\"multiple\" data-method=\"ajax\" data-size=\"8000000\" data-size-message=\"Maximum file size allowed is 8 MB. \"><div class=\"forminator-multi-upload-message\" aria-hidden=\"true\"><span class=\"forminator-icon-upload\" aria-hidden=\"true\"><\/span><p>Glissez et d\u00e9posez (ou) <a class=\"forminator-upload-file--forminator-field-upload-1_69f9ca63ebf08\" href=\"#\" onclick=\"return false;\">Choisissez des fichiers<\/a><\/p><\/div><\/div><ul class=\"forminator-uploaded-files upload-container-upload-1_69f9ca63ebf08\"><\/ul><\/div><\/div><\/div><div class=\"forminator-row\"><div id=\"captcha-1\" class=\"forminator-field-captcha forminator-col forminator-col-12\"><div class=\"forminator-captcha-left forminator-g-recaptcha\" data-theme=\"light\"  data-sitekey=\"6LdxMBwsAAAAAO1sU4oRBIZQZ7SuhrkAYBSLHU6Z\" data-size=\"normal\"><\/div> <\/div><\/div><input type=\"hidden\" name=\"referer_url\" value=\"\" \/><div class=\"forminator-row forminator-row-last\"><div class=\"forminator-col\"><div class=\"forminator-field\"><button class=\"forminator-button forminator-button-submit\">Soumettre<\/button><\/div><\/div><\/div><input type=\"hidden\" id=\"forminator_nonce\" name=\"forminator_nonce\" value=\"0c5a16f55f\" \/><input type=\"hidden\" name=\"_wp_http_referer\" value=\"\/fr\/wp-json\/wp\/v2\/pages\/15037\" \/><input type=\"hidden\" name=\"form_id\" value=\"30302\"><input type=\"hidden\" name=\"page_id\" value=\"15037\"><input type=\"hidden\" name=\"form_type\" value=\"default\"><input type=\"hidden\" name=\"current_url\" value=\"https:\/\/fuckmyhotmilf.com\/fr\/new-confession\/\"><input type=\"hidden\" name=\"render_id\" value=\"0\"><input type=\"hidden\" name=\"forminator-multifile-hidden\" class=\"forminator-multifile-hidden\"><input type=\"hidden\" name=\"action\" value=\"forminator_submit_form_custom-forms\"><input type=\"hidden\" name=\"trp-form-language\" value=\"fr\"\/><\/form><\/div>\n\t\t\t\t\t\t<\/div>\n\t\t\t\t<\/div>\n\t\t\t\t\t<\/div>\n\t\t<\/div>\n\t\t\t\t<div class=\"elementor-column elementor-col-16 elementor-top-column elementor-element elementor-element-e3d0ce4\" data-id=\"e3d0ce4\" data-element_type=\"column\" data-e-type=\"column\">\n\t\t\t<div class=\"elementor-widget-wrap\">\n\t\t\t\t\t\t\t<\/div>\n\t\t<\/div>\n\t\t\t\t\t<\/div>\n\t\t<\/section>\n\t\t\t\t<\/div>","protected":false},"excerpt":{"rendered":"<p>Confess your most intimate fantasies and your hottest stories here.Tell us your inclinations and fetishes in a completely anonymous way. Cuckold, Voyeurism, Threesome, Masturbation, Hotwife confession&#8230;\u200b Choose your category and don&#8217;t forget to tell us if it&#8217;s still a fantasy or a real story. We\u2019re all ears and can\u2019t wait to jerk off on your [&hellip;]<\/p>\n","protected":false},"author":1,"featured_media":0,"parent":0,"menu_order":0,"comment_status":"closed","ping_status":"closed","template":"","meta":{"pmpro_default_level":"","_monsterinsights_skip_tracking":false,"_monsterinsights_sitenote_active":false,"_monsterinsights_sitenote_note":"","_monsterinsights_sitenote_category":0,"footnotes":""},"class_list":["post-15037","page","type-page","status-publish","hentry","pmpro-has-access"],"yoast_head":"<!-- This site is optimized with the Yoast SEO plugin v27.5 - https:\/\/yoast.com\/product\/yoast-seo-wordpress\/ -->\n<title>New Confession - FuckMyHotMilf<\/title>\n<meta name=\"description\" content=\"Confess your most intimate desires and your hottest stories. Tell us your inclinations and fetishes in a completely anonymous way.\" \/>\n<meta name=\"robots\" content=\"index, follow, max-snippet:-1, max-image-preview:large, max-video-preview:-1\" \/>\n<link rel=\"canonical\" href=\"https:\/\/fuckmyhotmilf.com\/fr\/new-confession\/\" \/>\n<meta property=\"og:locale\" content=\"fr_FR\" \/>\n<meta property=\"og:type\" content=\"article\" \/>\n<meta property=\"og:title\" content=\"New Confession - FuckMyHotMilf\" \/>\n<meta property=\"og:description\" content=\"Confess your most intimate desires and your hottest stories. Tell us your inclinations and fetishes in a completely anonymous way.\" \/>\n<meta property=\"og:url\" content=\"https:\/\/fuckmyhotmilf.com\/fr\/new-confession\/\" \/>\n<meta property=\"og:site_name\" content=\"FuckMyHotMilf\" \/>\n<meta property=\"article:modified_time\" content=\"2025-11-29T20:01:27+00:00\" \/>\n<meta property=\"og:image\" content=\"https:\/\/fuckmyhotmilf.com\/wp-content\/uploads\/2024\/12\/cover-fuckmyhotmilf-1200x675-1.jpg\" \/>\n\t<meta property=\"og:image:width\" content=\"1200\" \/>\n\t<meta property=\"og:image:height\" content=\"675\" \/>\n\t<meta property=\"og:image:type\" content=\"image\/jpeg\" \/>\n<meta name=\"twitter:card\" content=\"summary_large_image\" \/>\n<meta name=\"twitter:label1\" content=\"Dur\u00e9e de lecture estim\u00e9e\" \/>\n\t<meta name=\"twitter:data1\" content=\"1 minute\" \/>\n<script type=\"application\/ld+json\" class=\"yoast-schema-graph\">{\"@context\":\"https:\\\/\\\/schema.org\",\"@graph\":[{\"@type\":\"WebPage\",\"@id\":\"https:\\\/\\\/fuckmyhotmilf.com\\\/new-confession\\\/\",\"url\":\"https:\\\/\\\/fuckmyhotmilf.com\\\/new-confession\\\/\",\"name\":\"New Confession - FuckMyHotMilf\",\"isPartOf\":{\"@id\":\"https:\\\/\\\/fuckmyhotmilf.com\\\/#website\"},\"datePublished\":\"2021-01-07T12:08:25+00:00\",\"dateModified\":\"2025-11-29T20:01:27+00:00\",\"description\":\"Confess your most intimate desires and your hottest stories. Tell us your inclinations and fetishes in a completely anonymous way.\",\"breadcrumb\":{\"@id\":\"https:\\\/\\\/fuckmyhotmilf.com\\\/new-confession\\\/#breadcrumb\"},\"inLanguage\":\"fr-FR\",\"potentialAction\":[{\"@type\":\"ReadAction\",\"target\":[\"https:\\\/\\\/fuckmyhotmilf.com\\\/new-confession\\\/\"]}]},{\"@type\":\"BreadcrumbList\",\"@id\":\"https:\\\/\\\/fuckmyhotmilf.com\\\/new-confession\\\/#breadcrumb\",\"itemListElement\":[{\"@type\":\"ListItem\",\"position\":1,\"name\":\"Home\",\"item\":\"https:\\\/\\\/fuckmyhotmilf.com\\\/\"},{\"@type\":\"ListItem\",\"position\":2,\"name\":\"New Confession\"}]},{\"@type\":\"WebSite\",\"@id\":\"https:\\\/\\\/fuckmyhotmilf.com\\\/#website\",\"url\":\"https:\\\/\\\/fuckmyhotmilf.com\\\/\",\"name\":\"FuckMyHotMilf\",\"description\":\"FuckMyHotMilf.com is the leading platform for Hotwife &amp; Cuckold lovers. Watch thousands of real amateur videos for free: hotwives getting shared, MILFs taking strangers, cuckolds watching, real couples exploring their fantasies\u2026 plus confessions, quizzes, GIFs and an active community. The full Hotwife experience, unfiltered.\",\"publisher\":{\"@id\":\"https:\\\/\\\/fuckmyhotmilf.com\\\/#organization\"},\"potentialAction\":[{\"@type\":\"SearchAction\",\"target\":{\"@type\":\"EntryPoint\",\"urlTemplate\":\"https:\\\/\\\/fuckmyhotmilf.com\\\/?s={search_term_string}\"},\"query-input\":{\"@type\":\"PropertyValueSpecification\",\"valueRequired\":true,\"valueName\":\"search_term_string\"}}],\"inLanguage\":\"fr-FR\"},{\"@type\":\"Organization\",\"@id\":\"https:\\\/\\\/fuckmyhotmilf.com\\\/#organization\",\"name\":\"Fuckmyhotmilf\",\"url\":\"https:\\\/\\\/fuckmyhotmilf.com\\\/\",\"logo\":{\"@type\":\"ImageObject\",\"inLanguage\":\"fr-FR\",\"@id\":\"https:\\\/\\\/fuckmyhotmilf.com\\\/#\\\/schema\\\/logo\\\/image\\\/\",\"url\":\"https:\\\/\\\/fuckmyhotmilf.com\\\/wp-content\\\/uploads\\\/2024\\\/12\\\/logo-fuckmyhotmilf-696x696-1.jpg\",\"contentUrl\":\"https:\\\/\\\/fuckmyhotmilf.com\\\/wp-content\\\/uploads\\\/2024\\\/12\\\/logo-fuckmyhotmilf-696x696-1.jpg\",\"width\":696,\"height\":696,\"caption\":\"Fuckmyhotmilf\"},\"image\":{\"@id\":\"https:\\\/\\\/fuckmyhotmilf.com\\\/#\\\/schema\\\/logo\\\/image\\\/\"}}]}<\/script>\n<!-- \/ Yoast SEO plugin. -->","yoast_head_json":{"title":"New Confession - FuckMyHotMilf","description":"Confess your most intimate desires and your hottest stories. Tell us your inclinations and fetishes in a completely anonymous way.","robots":{"index":"index","follow":"follow","max-snippet":"max-snippet:-1","max-image-preview":"max-image-preview:large","max-video-preview":"max-video-preview:-1"},"canonical":"https:\/\/fuckmyhotmilf.com\/fr\/new-confession\/","og_locale":"fr_FR","og_type":"article","og_title":"New Confession - FuckMyHotMilf","og_description":"Confess your most intimate desires and your hottest stories. Tell us your inclinations and fetishes in a completely anonymous way.","og_url":"https:\/\/fuckmyhotmilf.com\/fr\/new-confession\/","og_site_name":"FuckMyHotMilf","article_modified_time":"2025-11-29T20:01:27+00:00","og_image":[{"width":1200,"height":675,"url":"https:\/\/fuckmyhotmilf.com\/wp-content\/uploads\/2024\/12\/cover-fuckmyhotmilf-1200x675-1.jpg","type":"image\/jpeg"}],"twitter_card":"summary_large_image","twitter_misc":{"Dur\u00e9e de lecture estim\u00e9e":"1 minute"},"schema":{"@context":"https:\/\/schema.org","@graph":[{"@type":"WebPage","@id":"https:\/\/fuckmyhotmilf.com\/new-confession\/","url":"https:\/\/fuckmyhotmilf.com\/new-confession\/","name":"New Confession - FuckMyHotMilf","isPartOf":{"@id":"https:\/\/fuckmyhotmilf.com\/#website"},"datePublished":"2021-01-07T12:08:25+00:00","dateModified":"2025-11-29T20:01:27+00:00","description":"Confess your most intimate desires and your hottest stories. Tell us your inclinations and fetishes in a completely anonymous way.","breadcrumb":{"@id":"https:\/\/fuckmyhotmilf.com\/new-confession\/#breadcrumb"},"inLanguage":"fr-FR","potentialAction":[{"@type":"ReadAction","target":["https:\/\/fuckmyhotmilf.com\/new-confession\/"]}]},{"@type":"BreadcrumbList","@id":"https:\/\/fuckmyhotmilf.com\/new-confession\/#breadcrumb","itemListElement":[{"@type":"ListItem","position":1,"name":"Home","item":"https:\/\/fuckmyhotmilf.com\/"},{"@type":"ListItem","position":2,"name":"New Confession"}]},{"@type":"WebSite","@id":"https:\/\/fuckmyhotmilf.com\/#website","url":"https:\/\/fuckmyhotmilf.com\/","name":"FuckMyHotMilf","description":"FuckMyHotMilf.com is the leading platform for Hotwife &amp; Cuckold lovers. Watch thousands of real amateur videos for free: hotwives getting shared, MILFs taking strangers, cuckolds watching, real couples exploring their fantasies\u2026 plus confessions, quizzes, GIFs and an active community. The full Hotwife experience, unfiltered.","publisher":{"@id":"https:\/\/fuckmyhotmilf.com\/#organization"},"potentialAction":[{"@type":"SearchAction","target":{"@type":"EntryPoint","urlTemplate":"https:\/\/fuckmyhotmilf.com\/?s={search_term_string}"},"query-input":{"@type":"PropertyValueSpecification","valueRequired":true,"valueName":"search_term_string"}}],"inLanguage":"fr-FR"},{"@type":"Organization","@id":"https:\/\/fuckmyhotmilf.com\/#organization","name":"Fuckmyhotmilf","url":"https:\/\/fuckmyhotmilf.com\/","logo":{"@type":"ImageObject","inLanguage":"fr-FR","@id":"https:\/\/fuckmyhotmilf.com\/#\/schema\/logo\/image\/","url":"https:\/\/fuckmyhotmilf.com\/wp-content\/uploads\/2024\/12\/logo-fuckmyhotmilf-696x696-1.jpg","contentUrl":"https:\/\/fuckmyhotmilf.com\/wp-content\/uploads\/2024\/12\/logo-fuckmyhotmilf-696x696-1.jpg","width":696,"height":696,"caption":"Fuckmyhotmilf"},"image":{"@id":"https:\/\/fuckmyhotmilf.com\/#\/schema\/logo\/image\/"}}]}},"cmb2":{"page_slider_settings":{"display_slider_group":"no","page_slider_group":[{"layout":"slider-1","post_type":"post","order_by":"date","order":"DESC","display_categories":"yes","display_author":"yes","display_date":"yes","display_comment_count":"yes","display_view_count":"yes","display_like_count":"yes","display_dislike_count":"yes","fade":"no"}]},"blog_page_settings":{"blog_page_title":"","blog_page_heading":"off","blog_page_advance_search":"off","blog_page_ic":"","blog_page_it":"","blog_page_ec":"","blog_page_ip":"","blog_page_advance_search_id":"","archive_loop_style":"list-blog","blog_image_ratio":"","blog_show_categories":"on","blog_show_excerpt":"on","blog_show_author":"on","blog_show_date":"on","blog_show_comment_count":"on","blog_show_view_count":"on","blog_show_like_count":"on","blog_show_dislike_count":"on","blog_items_per_page":"10","blog_pag_type":"wp-default"},"page_options":{"get_page_template":"","color_mode":"","main_layout":"","main_layout_full_with":"","main_logo":"","main_logo_id":"","main_logo_retina":"","main_logo_retina_id":"","main_logo_mobile":"","main_logo_mobile_id":"","main_logo_mobile_retina":"","main_logo_mobile_retina_id":"","sticky_logo":"","sticky_logo_id":"","sticky_logo_retina":"","sticky_logo_retina_id":"","main_nav_layout":"","ajax_search":"","header_background":"","theme_sidebar":"right","instagram_feed":"","instagram_feed_position":"","popular_videos":"","popular_videos_title_1":"","popular_videos_title_2":"","popular_videos_ic":"","popular_videos_it":"","theme_background":"","page_custom_css":""}},"_links":{"self":[{"href":"https:\/\/fuckmyhotmilf.com\/fr\/wp-json\/wp\/v2\/pages\/15037","targetHints":{"allow":["GET"]}}],"collection":[{"href":"https:\/\/fuckmyhotmilf.com\/fr\/wp-json\/wp\/v2\/pages"}],"about":[{"href":"https:\/\/fuckmyhotmilf.com\/fr\/wp-json\/wp\/v2\/types\/page"}],"author":[{"embeddable":true,"href":"https:\/\/fuckmyhotmilf.com\/fr\/wp-json\/wp\/v2\/users\/1"}],"replies":[{"embeddable":true,"href":"https:\/\/fuckmyhotmilf.com\/fr\/wp-json\/wp\/v2\/comments?post=15037"}],"version-history":[{"count":55,"href":"https:\/\/fuckmyhotmilf.com\/fr\/wp-json\/wp\/v2\/pages\/15037\/revisions"}],"predecessor-version":[{"id":30305,"href":"https:\/\/fuckmyhotmilf.com\/fr\/wp-json\/wp\/v2\/pages\/15037\/revisions\/30305"}],"wp:attachment":[{"href":"https:\/\/fuckmyhotmilf.com\/fr\/wp-json\/wp\/v2\/media?parent=15037"}],"curies":[{"name":"wp","href":"https:\/\/api.w.org\/{rel}","templated":true}]}}