{"id":16627,"date":"2021-02-19T23:38:21","date_gmt":"2021-02-19T23:38:21","guid":{"rendered":"http:\/\/fuckmyhotmilf.com\/?page_id=16627"},"modified":"2021-02-19T23:40:49","modified_gmt":"2021-02-19T23:40:49","slug":"privacy-policy","status":"publish","type":"page","link":"https:\/\/fuckmyhotmilf.com\/es\/privacy-policy\/","title":{"rendered":"Pol\u00edtica de privacidad"},"content":{"rendered":"<p><strong>1.<\/strong>\u00a0Fuckmyhotmilf (el \"sitio web\") aplica la siguiente Pol\u00edtica de privacidad con el fin de proteger su intimidad. Entendemos que su privacidad es crucial para usted.<\/p>\n\n\n\n<p><strong>2.<\/strong>\u00a0Le haremos saber qu\u00e9 informaci\u00f3n podemos utilizar y de qu\u00e9 manera la utilizaremos. La pol\u00edtica de privacidad se aplica a las actividades en l\u00ednea realizadas por usted en Fuckmyhotmilf.<\/p>\n\n\n\n<p><strong>3.<\/strong>&nbsp;Modificaciones: Esta pol\u00edtica puede cambiar de vez en cuando. Por favor, revise la pol\u00edtica de privacidad peri\u00f3dicamente.<\/p>\n\n\n\n<p><strong>4.<\/strong>\u00a0<strong>Informaci\u00f3n que podemos recabar de usted.<\/strong><br>- Informaci\u00f3n personal<br>Fuckmyhotmilf puede recopilar informaci\u00f3n personal para que funcione el sitio web. Esta informaci\u00f3n puede incluir, entre otras cosas, la direcci\u00f3n de correo electr\u00f3nico, el nombre de usuario, la edad, el registro, informaci\u00f3n de compra, historial de navegaci\u00f3n, historial de b\u00fasqueda, tipo de navegador, sistema operativo, comunicaci\u00f3n con otros miembros de Fuckmyhotmilf, sexo, c\u00f3digo zip, c\u00f3digo postal, ciudad y pa\u00eds. Los datos de compra, el tipo de navegador, el sistema operativo, el historial de navegaci\u00f3n y las comunicaciones en el sitio web no se revelan en ning\u00fan sitio. Otros detalles pueden ser revelados en el sitio web y accesible a otros miembros con el fin de operar el sitio web. Tenga en cuenta que no recopilamos conscientemente ninguna informaci\u00f3n personal de usuarios menores de 18 a\u00f1os, ya que exigimos que todos los usuarios declaren al registrarse que tienen al menos 18 a\u00f1os.<\/p>\n\n\n\n<p><br>- Galletas<br>Las cookies son peque\u00f1os fragmentos de datos que se env\u00edan desde un sitio web y se almacenan en el navegador web del usuario mientras \u00e9ste navega por un sitio web Fuckmyhotmilf puede utilizar cookies para realizar un seguimiento de su actividad en el sitio web. Las cookies nos ayudan a mejorar su experiencia en el sitio web y a ofrecerle las opciones m\u00e1s optimizadas, al tiempo que protegen su cuenta. Tenga en cuenta que si decide desactivar el seguimiento de cookies cambiando la configuraci\u00f3n de su navegador, esto puede restringirle el uso de algunas secciones del sitio web. Las cookies que almacenamos son siempre t\u00e9cnicas relacionadas con IMC o de seguimiento an\u00f3nimo de google analytics.<\/p>\n\n\n\n<p><br>- Direcci\u00f3n IP<br>Es muy com\u00fan recopilar la direcci\u00f3n IP en los sitios de comercio electr\u00f3nico. Esto se hace autom\u00e1ticamente cada vez que usted utiliza Fuckmyhotmilf. Adem\u00e1s, recogemos el sitio web desde el que lleg\u00f3 anteriormente Fuckmyhotmilf. Esto se utiliza para presentarle las opciones adecuadas en el sitio web. Esta informaci\u00f3n nos ayuda a identificar y optimizar el servicio que est\u00e1 utilizando.<\/p>\n\n\n\n<p><br>- Informaci\u00f3n recopilada por terceros<br>Los anunciantes o socios de Fuckmyhotmilf tambi\u00e9n pueden leer cookies a trav\u00e9s de su publicidad o colocaci\u00f3n de enlaces. Tenga en cuenta que Fuckmyhotmilf no controla a los anunciantes o enlaces de terceros ni sus pr\u00e1cticas comerciales o pol\u00edticas de privacidad.<\/p>\n\n\n\n<p><strong>5.<\/strong>&nbsp;Uso de la informaci\u00f3n que recopilamos<br>Su informaci\u00f3n personal no se comparte con terceros y se utiliza principalmente para comunicarnos con usted y ofrecerle un servicio optimizado. Utilizamos esta informaci\u00f3n principalmente para mejorar los servicios que le prestamos y presentarle las opciones correctas en el sitio web. Tambi\u00e9n se utiliza esta informaci\u00f3n para enviarle, principalmente a trav\u00e9s del correo electr\u00f3nico y a trav\u00e9s de la informaci\u00f3n de su cuenta en l\u00ednea y la comunicaci\u00f3n de otros miembros o usuarios. Estos<br>se conocen como \"Comunicaciones operativas\". Puede cambiar sus preferencias de correo electr\u00f3nico a trav\u00e9s de su cuenta y limitar dichos correos. Al crear un perfil en el sitio web, usted opta positivamente por recibir<br>mensajes de miembros y usuarios en el sitio web Asimismo, esta informaci\u00f3n puede utilizarse para ayudarle a utilizar el sitio, responder a consultas, resolver problemas y proporcionar asistencia t\u00e9cnica.<\/p>\n\n\n\n<p><strong>5.1<\/strong>&nbsp;Es posible que tengamos que compartir su informaci\u00f3n para que el servicio funcione correctamente. Puede ser necesario compartirla con nuestros representantes y proveedores de servicios para que puedan prestar sus servicios, como el pago<br>servicios, servicios de correo electr\u00f3nico, servicios de atenci\u00f3n al cliente y servicios promocionales. Solicitamos a dichos representantes y proveedores de servicios que no compartan ni utilicen su informaci\u00f3n para otro fin que no sea la prestaci\u00f3n de sus servicios al<br>sitio web.<\/p>\n\n\n\n<p><strong>5.2<\/strong>&nbsp;Tambi\u00e9n podemos utilizar esta informaci\u00f3n para presentar a terceros informaci\u00f3n estad\u00edstica, pero esto no le identificar\u00e1 personalmente.<\/p>\n\n\n\n<p><strong>5.3<\/strong>&nbsp;Podemos revelar su informaci\u00f3n si as\u00ed nos lo exige un organismo encargado de hacer cumplir la ley o en caso de que necesitemos utilizar esta informaci\u00f3n para hacer valer derechos intelectuales o resolver problemas de marcas registradas.<\/p>\n\n\n\n<p><strong>6.<\/strong>\u00a0Modificar la informaci\u00f3n almacenada en nuestro sitio web<br>Puede modificar sus preferencias de correo electr\u00f3nico y darse de baja de determinadas comunicaciones o cambiar su informaci\u00f3n personal actualizando su perfil aqu\u00ed. Tenga en cuenta que, debido a las actualizaciones de sincronizaci\u00f3n del servidor, los cambios pueden tardar unas horas en aparecer en el sitio web. Tambi\u00e9n puede ponerse en contacto con nuestro servicio de atenci\u00f3n al cliente haciendo clic aqu\u00ed o eliminar su cuenta. Nosotros guardaremos los datos, pero su perfil dejar\u00e1 de ser visible.<\/p>","protected":false},"excerpt":{"rendered":"<p>1.\u00a0Fuckmyhotmilf (the \u201cwebsite\u201d) applies the following Privacy Policy in order to protect your privacy. We understand your privacy is crucial to you. 2.\u00a0We will let you know what information we may use and in what way we will be using it. The privacy policy applies to online activities done by you in Fuckmyhotmilf. 3.&nbsp;Changes: This [&hellip;]<\/p>\n","protected":false},"author":1,"featured_media":0,"parent":0,"menu_order":0,"comment_status":"closed","ping_status":"closed","template":"","meta":{"pmpro_default_level":"","_monsterinsights_skip_tracking":false,"_monsterinsights_sitenote_active":false,"_monsterinsights_sitenote_note":"","_monsterinsights_sitenote_category":0,"footnotes":""},"class_list":["post-16627","page","type-page","status-publish","hentry","pmpro-has-access"],"yoast_head":"<!-- This site is optimized with the Yoast SEO plugin v27.5 - https:\/\/yoast.com\/product\/yoast-seo-wordpress\/ -->\n<title>Privacy Policy - FuckMyHotMilf<\/title>\n<meta name=\"robots\" content=\"index, follow, max-snippet:-1, max-image-preview:large, max-video-preview:-1\" \/>\n<link rel=\"canonical\" href=\"https:\/\/fuckmyhotmilf.com\/es\/privacy-policy\/\" \/>\n<meta property=\"og:locale\" content=\"es_ES\" \/>\n<meta property=\"og:type\" content=\"article\" \/>\n<meta property=\"og:title\" content=\"Privacy Policy - FuckMyHotMilf\" \/>\n<meta property=\"og:description\" content=\"1.\u00a0Fuckmyhotmilf (the \u201cwebsite\u201d) applies the following Privacy Policy in order to protect your privacy. We understand your privacy is crucial to you. 2.\u00a0We will let you know what information we may use and in what way we will be using it. The privacy policy applies to online activities done by you in Fuckmyhotmilf. 3.&nbsp;Changes: This [&hellip;]\" \/>\n<meta property=\"og:url\" content=\"https:\/\/fuckmyhotmilf.com\/es\/privacy-policy\/\" \/>\n<meta property=\"og:site_name\" content=\"FuckMyHotMilf\" \/>\n<meta property=\"article:modified_time\" content=\"2021-02-19T23:40:49+00:00\" \/>\n<meta property=\"og:image\" content=\"https:\/\/fuckmyhotmilf.com\/wp-content\/uploads\/2024\/12\/cover-fuckmyhotmilf-1200x675-1.jpg\" \/>\n\t<meta property=\"og:image:width\" content=\"1200\" \/>\n\t<meta property=\"og:image:height\" content=\"675\" \/>\n\t<meta property=\"og:image:type\" content=\"image\/jpeg\" \/>\n<meta name=\"twitter:card\" content=\"summary_large_image\" \/>\n<meta name=\"twitter:label1\" content=\"Tiempo de lectura\" \/>\n\t<meta name=\"twitter:data1\" content=\"4 minutos\" \/>\n<script type=\"application\/ld+json\" class=\"yoast-schema-graph\">{\"@context\":\"https:\\\/\\\/schema.org\",\"@graph\":[{\"@type\":\"WebPage\",\"@id\":\"https:\\\/\\\/fuckmyhotmilf.com\\\/privacy-policy\\\/\",\"url\":\"https:\\\/\\\/fuckmyhotmilf.com\\\/privacy-policy\\\/\",\"name\":\"Privacy Policy - FuckMyHotMilf\",\"isPartOf\":{\"@id\":\"https:\\\/\\\/fuckmyhotmilf.com\\\/#website\"},\"datePublished\":\"2021-02-19T23:38:21+00:00\",\"dateModified\":\"2021-02-19T23:40:49+00:00\",\"breadcrumb\":{\"@id\":\"https:\\\/\\\/fuckmyhotmilf.com\\\/privacy-policy\\\/#breadcrumb\"},\"inLanguage\":\"es\",\"potentialAction\":[{\"@type\":\"ReadAction\",\"target\":[\"https:\\\/\\\/fuckmyhotmilf.com\\\/privacy-policy\\\/\"]}]},{\"@type\":\"BreadcrumbList\",\"@id\":\"https:\\\/\\\/fuckmyhotmilf.com\\\/privacy-policy\\\/#breadcrumb\",\"itemListElement\":[{\"@type\":\"ListItem\",\"position\":1,\"name\":\"Home\",\"item\":\"https:\\\/\\\/fuckmyhotmilf.com\\\/\"},{\"@type\":\"ListItem\",\"position\":2,\"name\":\"Privacy Policy\"}]},{\"@type\":\"WebSite\",\"@id\":\"https:\\\/\\\/fuckmyhotmilf.com\\\/#website\",\"url\":\"https:\\\/\\\/fuckmyhotmilf.com\\\/\",\"name\":\"FuckMyHotMilf\",\"description\":\"FuckMyHotMilf.com is the leading platform for Hotwife &amp; Cuckold lovers. Watch thousands of real amateur videos for free: hotwives getting shared, MILFs taking strangers, cuckolds watching, real couples exploring their fantasies\u2026 plus confessions, quizzes, GIFs and an active community. The full Hotwife experience, unfiltered.\",\"publisher\":{\"@id\":\"https:\\\/\\\/fuckmyhotmilf.com\\\/#organization\"},\"potentialAction\":[{\"@type\":\"SearchAction\",\"target\":{\"@type\":\"EntryPoint\",\"urlTemplate\":\"https:\\\/\\\/fuckmyhotmilf.com\\\/?s={search_term_string}\"},\"query-input\":{\"@type\":\"PropertyValueSpecification\",\"valueRequired\":true,\"valueName\":\"search_term_string\"}}],\"inLanguage\":\"es\"},{\"@type\":\"Organization\",\"@id\":\"https:\\\/\\\/fuckmyhotmilf.com\\\/#organization\",\"name\":\"Fuckmyhotmilf\",\"url\":\"https:\\\/\\\/fuckmyhotmilf.com\\\/\",\"logo\":{\"@type\":\"ImageObject\",\"inLanguage\":\"es\",\"@id\":\"https:\\\/\\\/fuckmyhotmilf.com\\\/#\\\/schema\\\/logo\\\/image\\\/\",\"url\":\"https:\\\/\\\/fuckmyhotmilf.com\\\/wp-content\\\/uploads\\\/2024\\\/12\\\/logo-fuckmyhotmilf-696x696-1.jpg\",\"contentUrl\":\"https:\\\/\\\/fuckmyhotmilf.com\\\/wp-content\\\/uploads\\\/2024\\\/12\\\/logo-fuckmyhotmilf-696x696-1.jpg\",\"width\":696,\"height\":696,\"caption\":\"Fuckmyhotmilf\"},\"image\":{\"@id\":\"https:\\\/\\\/fuckmyhotmilf.com\\\/#\\\/schema\\\/logo\\\/image\\\/\"}}]}<\/script>\n<!-- \/ Yoast SEO plugin. -->","yoast_head_json":{"title":"Privacy Policy - FuckMyHotMilf","robots":{"index":"index","follow":"follow","max-snippet":"max-snippet:-1","max-image-preview":"max-image-preview:large","max-video-preview":"max-video-preview:-1"},"canonical":"https:\/\/fuckmyhotmilf.com\/es\/privacy-policy\/","og_locale":"es_ES","og_type":"article","og_title":"Privacy Policy - FuckMyHotMilf","og_description":"1.\u00a0Fuckmyhotmilf (the \u201cwebsite\u201d) applies the following Privacy Policy in order to protect your privacy. We understand your privacy is crucial to you. 2.\u00a0We will let you know what information we may use and in what way we will be using it. The privacy policy applies to online activities done by you in Fuckmyhotmilf. 3.&nbsp;Changes: This [&hellip;]","og_url":"https:\/\/fuckmyhotmilf.com\/es\/privacy-policy\/","og_site_name":"FuckMyHotMilf","article_modified_time":"2021-02-19T23:40:49+00:00","og_image":[{"width":1200,"height":675,"url":"https:\/\/fuckmyhotmilf.com\/wp-content\/uploads\/2024\/12\/cover-fuckmyhotmilf-1200x675-1.jpg","type":"image\/jpeg"}],"twitter_card":"summary_large_image","twitter_misc":{"Tiempo de lectura":"4 minutos"},"schema":{"@context":"https:\/\/schema.org","@graph":[{"@type":"WebPage","@id":"https:\/\/fuckmyhotmilf.com\/privacy-policy\/","url":"https:\/\/fuckmyhotmilf.com\/privacy-policy\/","name":"Privacy Policy - FuckMyHotMilf","isPartOf":{"@id":"https:\/\/fuckmyhotmilf.com\/#website"},"datePublished":"2021-02-19T23:38:21+00:00","dateModified":"2021-02-19T23:40:49+00:00","breadcrumb":{"@id":"https:\/\/fuckmyhotmilf.com\/privacy-policy\/#breadcrumb"},"inLanguage":"es","potentialAction":[{"@type":"ReadAction","target":["https:\/\/fuckmyhotmilf.com\/privacy-policy\/"]}]},{"@type":"BreadcrumbList","@id":"https:\/\/fuckmyhotmilf.com\/privacy-policy\/#breadcrumb","itemListElement":[{"@type":"ListItem","position":1,"name":"Home","item":"https:\/\/fuckmyhotmilf.com\/"},{"@type":"ListItem","position":2,"name":"Privacy Policy"}]},{"@type":"WebSite","@id":"https:\/\/fuckmyhotmilf.com\/#website","url":"https:\/\/fuckmyhotmilf.com\/","name":"FuckMyHotMilf","description":"FuckMyHotMilf.com is the leading platform for Hotwife &amp; Cuckold lovers. Watch thousands of real amateur videos for free: hotwives getting shared, MILFs taking strangers, cuckolds watching, real couples exploring their fantasies\u2026 plus confessions, quizzes, GIFs and an active community. The full Hotwife experience, unfiltered.","publisher":{"@id":"https:\/\/fuckmyhotmilf.com\/#organization"},"potentialAction":[{"@type":"SearchAction","target":{"@type":"EntryPoint","urlTemplate":"https:\/\/fuckmyhotmilf.com\/?s={search_term_string}"},"query-input":{"@type":"PropertyValueSpecification","valueRequired":true,"valueName":"search_term_string"}}],"inLanguage":"es"},{"@type":"Organization","@id":"https:\/\/fuckmyhotmilf.com\/#organization","name":"Fuckmyhotmilf","url":"https:\/\/fuckmyhotmilf.com\/","logo":{"@type":"ImageObject","inLanguage":"es","@id":"https:\/\/fuckmyhotmilf.com\/#\/schema\/logo\/image\/","url":"https:\/\/fuckmyhotmilf.com\/wp-content\/uploads\/2024\/12\/logo-fuckmyhotmilf-696x696-1.jpg","contentUrl":"https:\/\/fuckmyhotmilf.com\/wp-content\/uploads\/2024\/12\/logo-fuckmyhotmilf-696x696-1.jpg","width":696,"height":696,"caption":"Fuckmyhotmilf"},"image":{"@id":"https:\/\/fuckmyhotmilf.com\/#\/schema\/logo\/image\/"}}]}},"cmb2":{"page_slider_settings":{"display_slider_group":"no","page_slider_group":[{"layout":"slider-1","post_type":"post","order_by":"date","order":"DESC","display_categories":"yes","display_author":"yes","display_date":"yes","display_comment_count":"yes","display_view_count":"yes","display_like_count":"yes","display_dislike_count":"yes","fade":"no"}]},"blog_page_settings":{"blog_page_title":"","blog_page_heading":"off","blog_page_advance_search":"off","blog_page_ic":"","blog_page_it":"","blog_page_ec":"","blog_page_ip":"","blog_page_advance_search_id":"","archive_loop_style":"list-blog","blog_image_ratio":"","blog_show_categories":"on","blog_show_excerpt":"on","blog_show_author":"on","blog_show_date":"on","blog_show_comment_count":"on","blog_show_view_count":"on","blog_show_like_count":"on","blog_show_dislike_count":"on","blog_items_per_page":"10","blog_pag_type":"wp-default"},"page_options":{"get_page_template":"","color_mode":"","main_layout":"","main_layout_full_with":"","main_logo":"","main_logo_id":"","main_logo_retina":"","main_logo_retina_id":"","main_logo_mobile":"","main_logo_mobile_id":"","main_logo_mobile_retina":"","main_logo_mobile_retina_id":"","sticky_logo":"","sticky_logo_id":"","sticky_logo_retina":"","sticky_logo_retina_id":"","main_nav_layout":"","ajax_search":"","header_background":"","theme_sidebar":"","instagram_feed":"","instagram_feed_position":"","popular_videos":"","popular_videos_title_1":"","popular_videos_title_2":"","popular_videos_ic":"","popular_videos_it":"","theme_background":"","page_custom_css":""}},"_links":{"self":[{"href":"https:\/\/fuckmyhotmilf.com\/es\/wp-json\/wp\/v2\/pages\/16627","targetHints":{"allow":["GET"]}}],"collection":[{"href":"https:\/\/fuckmyhotmilf.com\/es\/wp-json\/wp\/v2\/pages"}],"about":[{"href":"https:\/\/fuckmyhotmilf.com\/es\/wp-json\/wp\/v2\/types\/page"}],"author":[{"embeddable":true,"href":"https:\/\/fuckmyhotmilf.com\/es\/wp-json\/wp\/v2\/users\/1"}],"replies":[{"embeddable":true,"href":"https:\/\/fuckmyhotmilf.com\/es\/wp-json\/wp\/v2\/comments?post=16627"}],"version-history":[{"count":1,"href":"https:\/\/fuckmyhotmilf.com\/es\/wp-json\/wp\/v2\/pages\/16627\/revisions"}],"predecessor-version":[{"id":16629,"href":"https:\/\/fuckmyhotmilf.com\/es\/wp-json\/wp\/v2\/pages\/16627\/revisions\/16629"}],"wp:attachment":[{"href":"https:\/\/fuckmyhotmilf.com\/es\/wp-json\/wp\/v2\/media?parent=16627"}],"curies":[{"name":"wp","href":"https:\/\/api.w.org\/{rel}","templated":true}]}}