{"id":16623,"date":"2021-02-19T23:33:45","date_gmt":"2021-02-19T23:33:45","guid":{"rendered":"http:\/\/fuckmyhotmilf.com\/?page_id=16623"},"modified":"2021-02-19T23:33:46","modified_gmt":"2021-02-19T23:33:46","slug":"terms-and-conditions","status":"publish","type":"page","link":"https:\/\/fuckmyhotmilf.com\/es\/terms-and-conditions\/","title":{"rendered":"Condiciones generales"},"content":{"rendered":"<p>Todas las representaciones visuales mostradas en este sitio web, ya sean de conducta sexual expl\u00edcita real, contenido sexual simulado o de otro tipo, son representaciones visuales de personas que ten\u00edan al menos 18 a\u00f1os de edad cuando se crearon dichas representaciones visuales.<\/p>\n\n\n\n<p>Todas las dem\u00e1s representaciones visuales mostradas en este sitio Web est\u00e1n exentas de la Secci\u00f3n 2257 del 18 U.S.C. y de la Parte 75 del 28 C.F.R. porque dichas representaciones visuales no son representaciones visuales de conductas espec\u00edficamente enumeradas en la Secci\u00f3n 2256 (A)-(D) del 18 U.S.C Secci\u00f3n 2256 (2) (A)-(D), sino que son meras representaciones de desnudez no sexualmente expl\u00edcita, o son representaciones de conducta sexual simulada, o est\u00e1n exentas por cualquier otro motivo porque las representaciones visuales fueron creadas antes del 1 de noviembre de 1990, o fueron producidas, fabricadas, publicadas, duplicadas, reproducidas o reeditadas antes del 26 de mayo de 1992.<\/p>\n\n\n\n<p>Los propietarios y operadores de este sitio web no son los productores primarios (tal y como se define este t\u00e9rmino en 18 U.S.C. Secci\u00f3n 2257 y 28 C.F.R. Parte 75) de todo el contenido visual incluido en el sitio web.<\/p>\n\n\n\n<h5 class=\"wp-block-heading\"><strong>AVISO LEGAL<\/strong><\/h5>\n\n\n\n<p>EL USUARIO ENTIENDE QUE FUCKMYHOTMILF NO PUEDE GARANTIZAR NI GARANTIZA QUE LOS ARCHIVOS DISPONIBLES PARA SU DESCARGA DE INTERNET EST\u00c9N LIBRES DE VIRUS, GUSANOS, TROYANOS U OTROS C\u00d3DIGOS QUE PUEDAN MANIFESTAR PROPIEDADES CONTAMINANTES O DESTRUCTIVAS. EL USUARIO ES RESPONSABLE DE APLICAR PROCEDIMIENTOS Y PUNTOS DE CONTROL SUFICIENTES PARA SATISFACER LOS REQUISITOS PARTICULARES DEL SUSCRIPTOR EN CUANTO A LA EXACTITUD DE LA ENTRADA Y SALIDA DE DATOS, AS\u00cd COMO DE MANTENER UN MEDIO EXTERNO AL SITIO PARA LA RECONSTRUCCI\u00d3N DE CUALQUIER DATO PERDIDO. FUCKMYHOTMILF NO ASUME NINGUNA RESPONSABILIDAD NI RIESGO POR EL USO QUE EL SUSCRIPTOR HAGA DE INTERNET.<\/p>\n\n\n\n<p>LOS USUARIOS UTILIZAN EL SITIO POR SU CUENTA Y RIESGO. EL CONTENIDO SE PROPORCIONA \"TAL CUAL\" Y SIN GARANT\u00cdAS DE NING\u00daN TIPO, NI EXPRESAS NI IMPL\u00cdCITAS. FUCKMYHOTMILF RECHAZA TODA GARANT\u00cdA, INCLUIDAS LAS GARANT\u00cdAS IMPL\u00cdCITAS DE COMERCIABILIDAD, IDONEIDAD PARA UN FIN DETERMINADO, TITULARIDAD O AUSENCIA DE INFRACCI\u00d3N. FUCKMYHOTMILF NO GARANTIZA QUE LAS FUNCIONES O CONTENIDOS INCLUIDOS EN EL SITIO SEAN ININTERRUMPIDOS O EST\u00c9N LIBRES DE ERRORES, QUE LOS DEFECTOS SEAN CORREGIDOS, O QUE EL SITIO O EL SERVIDOR QUE LO PONE A DISPOSICI\u00d3N EST\u00c9N LIBRES DE VIRUS U OTROS COMPONENTES DA\u00d1INOS. FUCKMYHOTMILF NO GARANTIZA NI HACE DECLARACI\u00d3N ALGUNA EN RELACI\u00d3N CON EL USO, O EL RESULTADO DEL USO, DEL CONTENIDO EN T\u00c9RMINOS DE EXACTITUD, FIABILIDAD U OTROS. EL CONTENIDO PUEDE INCLUIR IMPRECISIONES T\u00c9CNICAS O ERRORES TIPOGR\u00c1FICOS, Y FUCKMYHOTMILF PUEDE REALIZAR CAMBIOS O MEJORAS EN CUALQUIER MOMENTO. EL USUARIO, Y NO FUCKMYHOTMILF, ASUME EL COSTE TOTAL DE TODOS LOS SERVICIOS, REPARACIONES O CORRECCIONES NECESARIOS EN CASO DE P\u00c9RDIDAS O DA\u00d1OS DERIVADOS DEL USO DEL SITIO O DE SU CONTENIDO. FUCKMYHOTMILF NO GARANTIZA QUE EL USO DE LOS CONTENIDOS POR PARTE DE LOS SUSCRIPTORES NO INFRINJA LOS DERECHOS DE TERCEROS Y NO ASUME RESPONSABILIDAD ALGUNA POR ERRORES U OMISIONES EN DICHOS CONTENIDOS. FUCKMYHOTMILF NO GARANTIZA NI SE HACE RESPONSABLE DE QUE EL CONTENIDO SEA APROPIADO O EST\u00c9 AUTORIZADO PARA SU USO EN TODOS LOS PA\u00cdSES, ESTADOS, PROVINCIAS, CONDADOS O CUALQUIER OTRA JURISDICCI\u00d3N. SI EL SUSCRIPTOR DECIDE ACCEDER AL SITIO, LO HACE POR SU PROPIA INICIATIVA Y RIESGO Y ES RESPONSABLE DEL CUMPLIMIENTO DE TODAS LAS LEYES APLICABLES.<\/p>\n\n\n\n<h5 class=\"wp-block-heading\"><strong>Patrocinadores, anunciantes y terceros<\/strong><\/h5>\n\n\n\n<p>El Sitio puede proporcionar enlaces a sitios web de patrocinadores, anunciantes u otros terceros que no son propiedad ni est\u00e1n bajo el control de Fuckmyhotmilf. La inclusi\u00f3n, enlace o autorizaci\u00f3n del uso o instalaci\u00f3n de cualquier sitio, aplicaci\u00f3n, software, contenido o publicidad de terceros no implica su aprobaci\u00f3n o respaldo por parte de Fuckmyhotmilf. Fuckmyhotmilf no tiene control alguno sobre el contenido, las pol\u00edticas de privacidad o las pr\u00e1cticas de terceros, ni asume responsabilidad alguna por los mismos. Al acceder o utilizar el Sitio, el usuario acepta exonerar a Fuckmyhotmilf de toda responsabilidad derivada del uso por su parte de cualquier sitio web, contenido, servicio o software de terceros al que se acceda a trav\u00e9s del Sitio.<\/p>\n\n\n\n<p>Sus comunicaciones o tratos con, o participaci\u00f3n en promociones de, patrocinadores, anunciantes u otros terceros encontrados a trav\u00e9s del Sitio, son exclusivamente entre usted y dichos terceros. Usted acepta que Fuckmyhotmilf no ser\u00e1 responsable de ninguna p\u00e9rdida o da\u00f1o de cualquier tipo incurridos como resultado de cualquier trato con dichos patrocinadores, terceros o anunciantes, o como resultado de su presencia en el Sitio.<\/p>","protected":false},"excerpt":{"rendered":"<p>All visual depictions displayed on this Web site, whether of actual sexually explicit conduct, simulated sexual content or otherwise, are visual depictions of persons who were at least 18 years of age when those visual depictions were created. All other visual depictions displayed on this Web site are exempt from 18 U.S.C. Section 2257 and [&hellip;]<\/p>\n","protected":false},"author":1,"featured_media":0,"parent":0,"menu_order":0,"comment_status":"closed","ping_status":"closed","template":"","meta":{"pmpro_default_level":"","_monsterinsights_skip_tracking":false,"_monsterinsights_sitenote_active":false,"_monsterinsights_sitenote_note":"","_monsterinsights_sitenote_category":0,"footnotes":""},"class_list":["post-16623","page","type-page","status-publish","hentry","pmpro-has-access"],"yoast_head":"<!-- This site is optimized with the Yoast SEO plugin v27.5 - https:\/\/yoast.com\/product\/yoast-seo-wordpress\/ -->\n<title>Terms and conditions - FuckMyHotMilf<\/title>\n<meta name=\"robots\" content=\"index, follow, max-snippet:-1, max-image-preview:large, max-video-preview:-1\" \/>\n<link rel=\"canonical\" href=\"https:\/\/fuckmyhotmilf.com\/es\/terms-and-conditions\/\" \/>\n<meta property=\"og:locale\" content=\"es_ES\" \/>\n<meta property=\"og:type\" content=\"article\" \/>\n<meta property=\"og:title\" content=\"Terms and conditions - FuckMyHotMilf\" \/>\n<meta property=\"og:description\" content=\"All visual depictions displayed on this Web site, whether of actual sexually explicit conduct, simulated sexual content or otherwise, are visual depictions of persons who were at least 18 years of age when those visual depictions were created. All other visual depictions displayed on this Web site are exempt from 18 U.S.C. Section 2257 and [&hellip;]\" \/>\n<meta property=\"og:url\" content=\"https:\/\/fuckmyhotmilf.com\/es\/terms-and-conditions\/\" \/>\n<meta property=\"og:site_name\" content=\"FuckMyHotMilf\" \/>\n<meta property=\"article:modified_time\" content=\"2021-02-19T23:33:46+00:00\" \/>\n<meta property=\"og:image\" content=\"https:\/\/fuckmyhotmilf.com\/wp-content\/uploads\/2024\/12\/cover-fuckmyhotmilf-1200x675-1.jpg\" \/>\n\t<meta property=\"og:image:width\" content=\"1200\" \/>\n\t<meta property=\"og:image:height\" content=\"675\" \/>\n\t<meta property=\"og:image:type\" content=\"image\/jpeg\" \/>\n<meta name=\"twitter:card\" content=\"summary_large_image\" \/>\n<meta name=\"twitter:label1\" content=\"Tiempo de lectura\" \/>\n\t<meta name=\"twitter:data1\" content=\"3 minutos\" \/>\n<script type=\"application\/ld+json\" class=\"yoast-schema-graph\">{\"@context\":\"https:\\\/\\\/schema.org\",\"@graph\":[{\"@type\":\"WebPage\",\"@id\":\"https:\\\/\\\/fuckmyhotmilf.com\\\/terms-and-conditions\\\/\",\"url\":\"https:\\\/\\\/fuckmyhotmilf.com\\\/terms-and-conditions\\\/\",\"name\":\"Terms and conditions - FuckMyHotMilf\",\"isPartOf\":{\"@id\":\"https:\\\/\\\/fuckmyhotmilf.com\\\/#website\"},\"datePublished\":\"2021-02-19T23:33:45+00:00\",\"dateModified\":\"2021-02-19T23:33:46+00:00\",\"breadcrumb\":{\"@id\":\"https:\\\/\\\/fuckmyhotmilf.com\\\/terms-and-conditions\\\/#breadcrumb\"},\"inLanguage\":\"es\",\"potentialAction\":[{\"@type\":\"ReadAction\",\"target\":[\"https:\\\/\\\/fuckmyhotmilf.com\\\/terms-and-conditions\\\/\"]}]},{\"@type\":\"BreadcrumbList\",\"@id\":\"https:\\\/\\\/fuckmyhotmilf.com\\\/terms-and-conditions\\\/#breadcrumb\",\"itemListElement\":[{\"@type\":\"ListItem\",\"position\":1,\"name\":\"Home\",\"item\":\"https:\\\/\\\/fuckmyhotmilf.com\\\/\"},{\"@type\":\"ListItem\",\"position\":2,\"name\":\"Terms and conditions\"}]},{\"@type\":\"WebSite\",\"@id\":\"https:\\\/\\\/fuckmyhotmilf.com\\\/#website\",\"url\":\"https:\\\/\\\/fuckmyhotmilf.com\\\/\",\"name\":\"FuckMyHotMilf\",\"description\":\"FuckMyHotMilf.com is the leading platform for Hotwife &amp; Cuckold lovers. Watch thousands of real amateur videos for free: hotwives getting shared, MILFs taking strangers, cuckolds watching, real couples exploring their fantasies\u2026 plus confessions, quizzes, GIFs and an active community. The full Hotwife experience, unfiltered.\",\"publisher\":{\"@id\":\"https:\\\/\\\/fuckmyhotmilf.com\\\/#organization\"},\"potentialAction\":[{\"@type\":\"SearchAction\",\"target\":{\"@type\":\"EntryPoint\",\"urlTemplate\":\"https:\\\/\\\/fuckmyhotmilf.com\\\/?s={search_term_string}\"},\"query-input\":{\"@type\":\"PropertyValueSpecification\",\"valueRequired\":true,\"valueName\":\"search_term_string\"}}],\"inLanguage\":\"es\"},{\"@type\":\"Organization\",\"@id\":\"https:\\\/\\\/fuckmyhotmilf.com\\\/#organization\",\"name\":\"Fuckmyhotmilf\",\"url\":\"https:\\\/\\\/fuckmyhotmilf.com\\\/\",\"logo\":{\"@type\":\"ImageObject\",\"inLanguage\":\"es\",\"@id\":\"https:\\\/\\\/fuckmyhotmilf.com\\\/#\\\/schema\\\/logo\\\/image\\\/\",\"url\":\"https:\\\/\\\/fuckmyhotmilf.com\\\/wp-content\\\/uploads\\\/2024\\\/12\\\/logo-fuckmyhotmilf-696x696-1.jpg\",\"contentUrl\":\"https:\\\/\\\/fuckmyhotmilf.com\\\/wp-content\\\/uploads\\\/2024\\\/12\\\/logo-fuckmyhotmilf-696x696-1.jpg\",\"width\":696,\"height\":696,\"caption\":\"Fuckmyhotmilf\"},\"image\":{\"@id\":\"https:\\\/\\\/fuckmyhotmilf.com\\\/#\\\/schema\\\/logo\\\/image\\\/\"}}]}<\/script>\n<!-- \/ Yoast SEO plugin. -->","yoast_head_json":{"title":"Terms and conditions - FuckMyHotMilf","robots":{"index":"index","follow":"follow","max-snippet":"max-snippet:-1","max-image-preview":"max-image-preview:large","max-video-preview":"max-video-preview:-1"},"canonical":"https:\/\/fuckmyhotmilf.com\/es\/terms-and-conditions\/","og_locale":"es_ES","og_type":"article","og_title":"Terms and conditions - FuckMyHotMilf","og_description":"All visual depictions displayed on this Web site, whether of actual sexually explicit conduct, simulated sexual content or otherwise, are visual depictions of persons who were at least 18 years of age when those visual depictions were created. All other visual depictions displayed on this Web site are exempt from 18 U.S.C. Section 2257 and [&hellip;]","og_url":"https:\/\/fuckmyhotmilf.com\/es\/terms-and-conditions\/","og_site_name":"FuckMyHotMilf","article_modified_time":"2021-02-19T23:33:46+00:00","og_image":[{"width":1200,"height":675,"url":"https:\/\/fuckmyhotmilf.com\/wp-content\/uploads\/2024\/12\/cover-fuckmyhotmilf-1200x675-1.jpg","type":"image\/jpeg"}],"twitter_card":"summary_large_image","twitter_misc":{"Tiempo de lectura":"3 minutos"},"schema":{"@context":"https:\/\/schema.org","@graph":[{"@type":"WebPage","@id":"https:\/\/fuckmyhotmilf.com\/terms-and-conditions\/","url":"https:\/\/fuckmyhotmilf.com\/terms-and-conditions\/","name":"Terms and conditions - FuckMyHotMilf","isPartOf":{"@id":"https:\/\/fuckmyhotmilf.com\/#website"},"datePublished":"2021-02-19T23:33:45+00:00","dateModified":"2021-02-19T23:33:46+00:00","breadcrumb":{"@id":"https:\/\/fuckmyhotmilf.com\/terms-and-conditions\/#breadcrumb"},"inLanguage":"es","potentialAction":[{"@type":"ReadAction","target":["https:\/\/fuckmyhotmilf.com\/terms-and-conditions\/"]}]},{"@type":"BreadcrumbList","@id":"https:\/\/fuckmyhotmilf.com\/terms-and-conditions\/#breadcrumb","itemListElement":[{"@type":"ListItem","position":1,"name":"Home","item":"https:\/\/fuckmyhotmilf.com\/"},{"@type":"ListItem","position":2,"name":"Terms and conditions"}]},{"@type":"WebSite","@id":"https:\/\/fuckmyhotmilf.com\/#website","url":"https:\/\/fuckmyhotmilf.com\/","name":"FuckMyHotMilf","description":"FuckMyHotMilf.com is the leading platform for Hotwife &amp; Cuckold lovers. Watch thousands of real amateur videos for free: hotwives getting shared, MILFs taking strangers, cuckolds watching, real couples exploring their fantasies\u2026 plus confessions, quizzes, GIFs and an active community. The full Hotwife experience, unfiltered.","publisher":{"@id":"https:\/\/fuckmyhotmilf.com\/#organization"},"potentialAction":[{"@type":"SearchAction","target":{"@type":"EntryPoint","urlTemplate":"https:\/\/fuckmyhotmilf.com\/?s={search_term_string}"},"query-input":{"@type":"PropertyValueSpecification","valueRequired":true,"valueName":"search_term_string"}}],"inLanguage":"es"},{"@type":"Organization","@id":"https:\/\/fuckmyhotmilf.com\/#organization","name":"Fuckmyhotmilf","url":"https:\/\/fuckmyhotmilf.com\/","logo":{"@type":"ImageObject","inLanguage":"es","@id":"https:\/\/fuckmyhotmilf.com\/#\/schema\/logo\/image\/","url":"https:\/\/fuckmyhotmilf.com\/wp-content\/uploads\/2024\/12\/logo-fuckmyhotmilf-696x696-1.jpg","contentUrl":"https:\/\/fuckmyhotmilf.com\/wp-content\/uploads\/2024\/12\/logo-fuckmyhotmilf-696x696-1.jpg","width":696,"height":696,"caption":"Fuckmyhotmilf"},"image":{"@id":"https:\/\/fuckmyhotmilf.com\/#\/schema\/logo\/image\/"}}]}},"cmb2":{"page_slider_settings":{"display_slider_group":"no","page_slider_group":[{"layout":"slider-1","post_type":"post","order_by":"date","order":"DESC","display_categories":"yes","display_author":"yes","display_date":"yes","display_comment_count":"yes","display_view_count":"yes","display_like_count":"yes","display_dislike_count":"yes","fade":"no"}]},"blog_page_settings":{"blog_page_title":"","blog_page_heading":"off","blog_page_advance_search":"off","blog_page_ic":"","blog_page_it":"","blog_page_ec":"","blog_page_ip":"","blog_page_advance_search_id":"","archive_loop_style":"list-blog","blog_image_ratio":"","blog_show_categories":"on","blog_show_excerpt":"on","blog_show_author":"on","blog_show_date":"on","blog_show_comment_count":"on","blog_show_view_count":"on","blog_show_like_count":"on","blog_show_dislike_count":"on","blog_items_per_page":"10","blog_pag_type":"wp-default"},"page_options":{"get_page_template":"","color_mode":"","main_layout":"","main_layout_full_with":"","main_logo":"","main_logo_id":"","main_logo_retina":"","main_logo_retina_id":"","main_logo_mobile":"","main_logo_mobile_id":"","main_logo_mobile_retina":"","main_logo_mobile_retina_id":"","sticky_logo":"","sticky_logo_id":"","sticky_logo_retina":"","sticky_logo_retina_id":"","main_nav_layout":"","ajax_search":"","header_background":"","theme_sidebar":"","instagram_feed":"","instagram_feed_position":"","popular_videos":"","popular_videos_title_1":"","popular_videos_title_2":"","popular_videos_ic":"","popular_videos_it":"","theme_background":"","page_custom_css":""}},"_links":{"self":[{"href":"https:\/\/fuckmyhotmilf.com\/es\/wp-json\/wp\/v2\/pages\/16623","targetHints":{"allow":["GET"]}}],"collection":[{"href":"https:\/\/fuckmyhotmilf.com\/es\/wp-json\/wp\/v2\/pages"}],"about":[{"href":"https:\/\/fuckmyhotmilf.com\/es\/wp-json\/wp\/v2\/types\/page"}],"author":[{"embeddable":true,"href":"https:\/\/fuckmyhotmilf.com\/es\/wp-json\/wp\/v2\/users\/1"}],"replies":[{"embeddable":true,"href":"https:\/\/fuckmyhotmilf.com\/es\/wp-json\/wp\/v2\/comments?post=16623"}],"version-history":[{"count":2,"href":"https:\/\/fuckmyhotmilf.com\/es\/wp-json\/wp\/v2\/pages\/16623\/revisions"}],"predecessor-version":[{"id":16625,"href":"https:\/\/fuckmyhotmilf.com\/es\/wp-json\/wp\/v2\/pages\/16623\/revisions\/16625"}],"wp:attachment":[{"href":"https:\/\/fuckmyhotmilf.com\/es\/wp-json\/wp\/v2\/media?parent=16623"}],"curies":[{"name":"wp","href":"https:\/\/api.w.org\/{rel}","templated":true}]}}